{"id":393,"date":"2018-02-04T10:54:55","date_gmt":"2018-02-04T10:54:55","guid":{"rendered":"http:\/\/almira.tc\/about-us\/"},"modified":"2021-12-11T08:13:33","modified_gmt":"2021-12-11T08:13:33","slug":"hakkimizda","status":"publish","type":"page","link":"https:\/\/almira.tc\/tr\/hakkimizda\/","title":{"rendered":"Hakk\u0131m\u0131zda"},"content":{"rendered":"<p><div class=\"fusion-bg-parallax\" data-bg-align=\"center bottom\" data-direction=\"down\" data-mute=\"false\" data-opacity=\"100\" data-velocity=\"-1\" data-mobile-enabled=\"false\" data-break_parents=\"0\" data-bg-image=\"http:\/\/almira.tc\/wp-content\/uploads\/2018\/01\/Yacht-Winch.jpg\" data-bg-repeat=\"false\" ><\/div><div class=\"fusion-fullwidth fullwidth-box fusion-builder-row-1 fusion-parallax-down container-border-bottom nonhundred-percent-fullwidth non-hundred-percent-height-scrolling lazyload\" style=\"--awb-background-position:center bottom;--awb-border-radius-top-left:0px;--awb-border-radius-top-right:0px;--awb-border-radius-bottom-right:0px;--awb-border-radius-bottom-left:0px;--awb-background-size:cover;--awb-border-sizes-top:0px;--awb-border-sizes-bottom:0px;--awb-flex-wrap:wrap;\" data-bg=\"http:\/\/almira.tc\/wp-content\/uploads\/2018\/01\/Yacht-Winch.jpg\" ><div class=\"fusion-builder-row fusion-row\"><div class=\"fusion-layout-column fusion_builder_column fusion-builder-column-0 fusion_builder_column_1_1 1_1 fusion-one-full fusion-column-first fusion-column-last\" style=\"--awb-bg-size:cover;\"><div class=\"fusion-column-wrapper fusion-flex-column-wrapper-legacy\"><div class=\"fusion-sep-clear\"><\/div><div class=\"fusion-separator fusion-full-width-sep\" style=\"margin-left: auto;margin-right: auto;margin-top:50px;margin-bottom:50px;width:100%;\"><\/div><div class=\"fusion-sep-clear\"><\/div><div class=\"fusion-title title fusion-title-1 fusion-title-center fusion-title-text fusion-title-size-one\"><div class=\"title-sep-container title-sep-container-left\"><div class=\"title-sep sep-double sep-dashed\" style=\"border-color:#e0dede;\"><\/div><\/div><span class=\"awb-title-spacer\"><\/span><h1 class=\"fusion-title-heading title-heading-center fusion-responsive-typography-calculated\" style=\"margin:0;--fontSize:36;line-height:1.4;\"><strong>Hakk\u0131m\u0131zda<\/strong><\/h1><span class=\"awb-title-spacer\"><\/span><div class=\"title-sep-container title-sep-container-right\"><div class=\"title-sep sep-double sep-dashed\" style=\"border-color:#e0dede;\"><\/div><\/div><\/div><div class=\"fusion-sep-clear\"><\/div><div class=\"fusion-separator fusion-full-width-sep\" style=\"margin-left: auto;margin-right: auto;margin-top:50px;margin-bottom:50px;width:100%;\"><\/div><div class=\"fusion-sep-clear\"><\/div><div class=\"fusion-clearfix\"><\/div><\/div><\/div><\/div><\/div><div class=\"fusion-fullwidth fullwidth-box fusion-builder-row-2 nonhundred-percent-fullwidth non-hundred-percent-height-scrolling\" style=\"--awb-border-radius-top-left:0px;--awb-border-radius-top-right:0px;--awb-border-radius-bottom-right:0px;--awb-border-radius-bottom-left:0px;--awb-flex-wrap:wrap;\" ><div class=\"fusion-builder-row fusion-row\"><div class=\"fusion-layout-column fusion_builder_column fusion-builder-column-1 fusion_builder_column_1_1 1_1 fusion-one-full fusion-column-first fusion-column-last\" style=\"--awb-bg-size:cover;\"><div class=\"fusion-column-wrapper fusion-flex-column-wrapper-legacy\"><div class=\"fusion-sep-clear\"><\/div><div class=\"fusion-separator fusion-full-width-sep\" style=\"margin-left: auto;margin-right: auto;margin-top:30px;margin-bottom:30px;width:100%;\"><\/div><div class=\"fusion-sep-clear\"><\/div><div class=\"fusion-text fusion-text-1\"><h2 style=\"text-align: center;\">Almira Yelken ve Deniz Turizm A.\u015e.<\/h2>\n<p style=\"text-align: center;\"><b>V\u0130ZYON<\/b><\/p>\n<p>Denizin g\u00fczelli\u011fini, havan\u0131n temizli\u011fini, y\u0131ld\u0131zlar\u0131n berrakl\u0131\u011f\u0131n\u0131 ke\u015ffettirmek, i\u00e7ilesi kadar berrak sularda denize girmenin keyfini ya\u015fatmak, Barboros\u2019un, Piri Reisin yapt\u0131\u011f\u0131 gibi, Yelkenleri FORA edip, R\u00fczgar\u0131 hissettirmek, sadece suyun sesiyle seyir yaparken D\u00fcnya streslerinden uzakla\u015ft\u0131r\u0131p bir r\u00fcya ya\u015fatmak.<\/p>\n<p style=\"text-align: center;\"><b>M\u0130SYON<\/b><\/p>\n<p>Cennet D\u00fcnyam\u0131z\u0131n ve Denizlerimizin kirlenmesini \u00f6nlemek, bu konuda \u00e7aba sarf etmek, \u00f6nderlik, liderlik yapmak, \u00e7evre bilincini a\u015f\u0131lamak, az kaynaklarla ya\u015faman\u0131n mutlulu\u011funu \u00f6\u011fretmek, bu u\u011furda \u00e7al\u0131\u015fanlara destek olmak, Mutlu, Bilin\u00e7li m\u00fc\u015fteriler yaratmak.<\/p>\n<\/div><div class=\"fusion-text fusion-text-2\"><h2 style=\"text-align: center;\">Faaliyet Alanlar\u0131m\u0131z<\/h2>\n<ul>\n<li>Yelkene yeni ba\u015flayanlar veya kendini geli\u015ftirmek isteyen tecr\u00fcbeli yelkenciler i\u00e7in Yelken e\u011fitimi ve uzun seyir programlar<\/li>\n<li>Yelkene yeni ba\u015flayan , aileleri ve arkada\u015flar\u0131 ile e\u011flenerek deniz tatili yapmak , bu arada yelkenli tekne ile tatil nas\u0131l yap\u0131l\u0131r, yeken e\u011fitimi ile birlikte tatili birle\u015ftirmek.<\/li>\n<li>B\u00fcy\u00fck gruplara Filotilla programlar\u0131 planlamak , organize etmek.<\/li>\n<li>Ege Denizi, Yunan adalar\u0131 , Gezi ve Filotilla programlar\u0131 olu\u015fturma<\/li>\n<li>Kurumsal \u015firketlere Ekip ruhunu a\u015f\u0131layabilmek i\u00e7in Yelkenli Teknede Yelken E\u011fitimi , Tak\u0131m \u00c7al\u0131\u015fmas\u0131.<\/li>\n<li>Kurumsal \u015eirket y\u00f6neticilerine, Ya\u015fam ko\u00e7lar\u0131m\u0131z\u0131n tavsiyesine g\u00f6re e\u011fitim programlar\u0131 planlamak.<\/li>\n<li>Kaptanl\u0131 veya Kaptans\u0131z Tekne Kiralama Hizmetleri.<\/li>\n<li>Uzun s\u00fcreli kullan\u0131lmayan teknelere liman bak\u0131m hizmetleri verilmesi.<\/li>\n<li>Do\u011fa Y\u00fcr\u00fcy\u00fc\u015fleri ve out door faaliyetleri.<\/li>\n<\/ul>\n<\/div><div class=\"fusion-clearfix\"><\/div><\/div><\/div><\/div><\/div><\/p>\n","protected":false},"excerpt":{"rendered":"","protected":false},"author":1,"featured_media":0,"parent":0,"menu_order":0,"comment_status":"closed","ping_status":"closed","template":"100-width.php","meta":{"footnotes":""},"class_list":["post-393","page","type-page","status-publish","hentry"],"aioseo_notices":[],"_links":{"self":[{"href":"https:\/\/almira.tc\/tr\/wp-json\/wp\/v2\/pages\/393","targetHints":{"allow":["GET"]}}],"collection":[{"href":"https:\/\/almira.tc\/tr\/wp-json\/wp\/v2\/pages"}],"about":[{"href":"https:\/\/almira.tc\/tr\/wp-json\/wp\/v2\/types\/page"}],"author":[{"embeddable":true,"href":"https:\/\/almira.tc\/tr\/wp-json\/wp\/v2\/users\/1"}],"replies":[{"embeddable":true,"href":"https:\/\/almira.tc\/tr\/wp-json\/wp\/v2\/comments?post=393"}],"version-history":[{"count":0,"href":"https:\/\/almira.tc\/tr\/wp-json\/wp\/v2\/pages\/393\/revisions"}],"wp:attachment":[{"href":"https:\/\/almira.tc\/tr\/wp-json\/wp\/v2\/media?parent=393"}],"curies":[{"name":"wp","href":"https:\/\/api.w.org\/{rel}","templated":true}]}}