{"id":430,"date":"2018-02-05T10:50:07","date_gmt":"2018-02-05T10:50:07","guid":{"rendered":"http:\/\/almira.tc\/the-captains-journal\/"},"modified":"2018-02-05T11:13:03","modified_gmt":"2018-02-05T11:13:03","slug":"kaptanin-seyir-defteri","status":"publish","type":"page","link":"https:\/\/almira.tc\/tr\/kaptanin-seyir-defteri\/","title":{"rendered":"Kaptan\u0131n Seyir Defteri"},"content":{"rendered":"<p><div class=\"fusion-fullwidth fullwidth-box fusion-builder-row-1 fusion-parallax-none nonhundred-percent-fullwidth non-hundred-percent-height-scrolling lazyload\" style=\"--awb-background-position:center top;--awb-border-radius-top-left:0px;--awb-border-radius-top-right:0px;--awb-border-radius-bottom-right:0px;--awb-border-radius-bottom-left:0px;--awb-background-size:cover;--awb-flex-wrap:wrap;\" data-bg=\"http:\/\/almira.tc\/wp-content\/uploads\/2018\/02\/kaptanin-seyir-defteri.jpg\" ><div class=\"fusion-builder-row fusion-row\"><div class=\"fusion-layout-column fusion_builder_column fusion-builder-column-0 fusion_builder_column_1_1 1_1 fusion-one-full fusion-column-first fusion-column-last\" style=\"--awb-bg-size:cover;\"><div class=\"fusion-column-wrapper fusion-flex-column-wrapper-legacy\"><div class=\"fusion-sep-clear\"><\/div><div class=\"fusion-separator fusion-full-width-sep\" style=\"margin-left: auto;margin-right: auto;margin-top:50px;margin-bottom:50px;width:100%;\"><\/div><div class=\"fusion-sep-clear\"><\/div><div class=\"fusion-title title fusion-title-1 fusion-title-center fusion-title-text fusion-title-size-one\"><div class=\"title-sep-container title-sep-container-left\"><div class=\"title-sep sep-double sep-dashed\" style=\"border-color:#e0dede;\"><\/div><\/div><span class=\"awb-title-spacer\"><\/span><h1 class=\"fusion-title-heading title-heading-center fusion-responsive-typography-calculated\" style=\"margin:0;--fontSize:36;line-height:1.4;\"><span style=\"color: #ffffff;\"><strong>Kaptan\u0131n Seyir Defteri<\/strong><\/span><\/h1><span class=\"awb-title-spacer\"><\/span><div class=\"title-sep-container title-sep-container-right\"><div class=\"title-sep sep-double sep-dashed\" style=\"border-color:#e0dede;\"><\/div><\/div><\/div><div class=\"fusion-sep-clear\"><\/div><div class=\"fusion-separator fusion-full-width-sep\" style=\"margin-left: auto;margin-right: auto;margin-top:50px;margin-bottom:50px;width:100%;\"><\/div><div class=\"fusion-sep-clear\"><\/div><div class=\"fusion-clearfix\"><\/div><\/div><\/div><\/div><\/div><div class=\"fusion-fullwidth fullwidth-box fusion-builder-row-2 nonhundred-percent-fullwidth non-hundred-percent-height-scrolling\" style=\"--awb-border-radius-top-left:0px;--awb-border-radius-top-right:0px;--awb-border-radius-bottom-right:0px;--awb-border-radius-bottom-left:0px;--awb-flex-wrap:wrap;\" ><div class=\"fusion-builder-row fusion-row\"><div class=\"fusion-layout-column fusion_builder_column fusion-builder-column-1 fusion_builder_column_1_1 1_1 fusion-one-full fusion-column-first fusion-column-last\" style=\"--awb-bg-size:cover;\"><div class=\"fusion-column-wrapper fusion-flex-column-wrapper-legacy\"><div class=\"fusion-sep-clear\"><\/div><div class=\"fusion-separator fusion-full-width-sep\" style=\"margin-left: auto;margin-right: auto;margin-top:20px;margin-bottom:20px;width:100%;\"><\/div><div class=\"fusion-sep-clear\"><\/div><div class=\"fusion-tabs fusion-tabs-1 classic nav-is-justified horizontal-tabs icon-position-right mobile-mode-accordion\" style=\"--awb-title-border-radius-top-left:0px;--awb-title-border-radius-top-right:0px;--awb-title-border-radius-bottom-right:0px;--awb-title-border-radius-bottom-left:0px;--awb-inactive-color:rgba(112,200,211,0.3);--awb-background-color:#ffffff;--awb-border-color:#d8d8d8;--awb-active-border-color:#67b7e1;\"><div class=\"nav\"><ul class=\"nav-tabs nav-justified\" role=\"tablist\"><li class=\"active\" role=\"presentation\"><a class=\"tab-link\" data-toggle=\"tab\" role=\"tab\" aria-controls=\"tab-30374466fda5583a210\" aria-selected=\"true\" id=\"fusion-tab-kaptan\u0131nmektubu\" href=\"#tab-30374466fda5583a210\"><h4 class=\"fusion-tab-heading\">Kaptan\u0131n Mektubu<i class=\"fontawesome-icon fa fa-chevron-down\" aria-hidden=\"true\" style=\"font-size:16px;\"><\/i><\/h4><\/a><\/li><li role=\"presentation\"><a class=\"tab-link\" data-toggle=\"tab\" role=\"tab\" aria-controls=\"tab-42f2738607f9bb3e25b\" aria-selected=\"false\" tabindex=\"-1\" id=\"fusion-tab-\u0130yikidenizciolmu\u015fum\" href=\"#tab-42f2738607f9bb3e25b\"><h4 class=\"fusion-tab-heading\">\u0130yi ki denizci olmu\u015fum<i class=\"fontawesome-icon fa fa-chevron-down\" aria-hidden=\"true\" style=\"font-size:16px;\"><\/i><\/h4><\/a><\/li><\/ul><\/div><div class=\"tab-content\"><div class=\"nav fusion-mobile-tab-nav\"><ul class=\"nav-tabs nav-justified\" role=\"tablist\"><li class=\"active\" role=\"presentation\"><a class=\"tab-link\" data-toggle=\"tab\" role=\"tab\" aria-controls=\"tab-30374466fda5583a210\" aria-selected=\"true\" id=\"mobile-fusion-tab-kaptan\u0131nmektubu\" href=\"#tab-30374466fda5583a210\"><h4 class=\"fusion-tab-heading\">Kaptan\u0131n Mektubu<i class=\"fontawesome-icon fa fa-chevron-down\" aria-hidden=\"true\" style=\"font-size:16px;\"><\/i><\/h4><\/a><\/li><\/ul><\/div><div class=\"tab-pane fade fusion-clearfix in active\" role=\"tabpanel\" tabindex=\"0\" aria-labelledby=\"fusion-tab-kaptan\u0131nmektubu\" id=\"tab-30374466fda5583a210\">\n<p><img decoding=\"async\" class=\"lazyload alignleft size-full wp-image-440\" src=\"http:\/\/almira.tc\/wp-content\/uploads\/2018\/02\/ugur-kaptan-yelken-deniz-yat-kiralama.jpg\" data-orig-src=\"http:\/\/almira.tc\/wp-content\/uploads\/2018\/02\/ugur-kaptan-yelken-deniz-yat-kiralama.jpg\" alt=\"\" width=\"299\" height=\"399\" srcset=\"data:image\/svg+xml,%3Csvg%20xmlns%3D%27http%3A%2F%2Fwww.w3.org%2F2000%2Fsvg%27%20width%3D%27299%27%20height%3D%27399%27%20viewBox%3D%270%200%20299%20399%27%3E%3Crect%20width%3D%27299%27%20height%3D%27399%27%20fill-opacity%3D%220%22%2F%3E%3C%2Fsvg%3E\" data-srcset=\"https:\/\/almira.tc\/wp-content\/uploads\/2018\/02\/ugur-kaptan-yelken-deniz-yat-kiralama-200x267.jpg 200w, https:\/\/almira.tc\/wp-content\/uploads\/2018\/02\/ugur-kaptan-yelken-deniz-yat-kiralama-225x300.jpg 225w, https:\/\/almira.tc\/wp-content\/uploads\/2018\/02\/ugur-kaptan-yelken-deniz-yat-kiralama.jpg 299w\" data-sizes=\"auto\" data-orig-sizes=\"(max-width: 299px) 100vw, 299px\" \/>Sevgili Deniz Dostlar\u0131,<\/p>\n<p>1975 li y\u0131llarda \u0130zmit Yelken kul\u00fcb\u00fc \u00fcyeli\u011fimle birlikte Deniz ile bulu\u015ftum ve A\u015f\u0131k oldum , Yelken Sporunu o y\u0131llarda o g\u00fcnk\u00fc \u015fartlarda \u0130zmit K\u00f6rfezde \u0130zmit\u2019li arkada\u015flar\u0131mla birlikte yapmaya \u00e7al\u0131\u015f\u0131yordum , gel zaman git zaman g\u00fczel \u0130zmit\u2019imizin sanayi \u015fehri olma yolundaki kararl\u0131 tutumu ve K\u00f6rfezimizin kirlenmesi ile birlikte Denizden biraz uzakla\u015f\u0131p sayg\u0131n sanayi kurulu\u015flar\u0131n birinde \u00e7al\u0131\u015fmaya ba\u015flad\u0131m, e\u015fim ve ben \u00f6yle \u00e7al\u0131\u015fma hayat\u0131na dalm\u0131\u015f\u0131z ki, 1983 tarihinde Do\u011fan K\u0131z\u0131m Beg\u00fcm, daha sonra 1987 tarihinde D\u00fcnyaya gelen o\u011flum Bar\u0131\u015f Can \u2018\u0131n e\u011fitimleri d\u00fc\u011f\u00fcn dernek derken bir bakm\u0131\u015f\u0131z y\u0131l 2014 ya\u015f 60 :)<\/p>\n<p>1955 \u0130zmit Do\u011fumluyum, \u0130lkokul, ortaokul, lise derken \u0130zmit ten kopup Almanya da \u00dcniversite e\u011fitimi mi Alman disiplini ile ald\u0131ktan sonra memleketime d\u00f6n\u00fcp bir iki ticari denememden sonra Sanayi kurulu\u015flar\u0131nda her mevkide \u00e7al\u0131\u015ft\u0131ktan sonra, Fabrika m\u00fcd\u00fcrl\u00fc\u011f\u00fc ve Dan\u0131\u015fmanl\u0131klarla Sanayicilik misyonumu tamamlam\u0131\u015f oldum, 2000 li y\u0131llardan sonra ara ara Egenin Denizi ile bulu\u015fmak i\u00e7in ailecek ka\u00e7\u0131p Tekne kiralar, \u0130ki mavinin, gece boyu bizi hi\u00e7 yaln\u0131z b\u0131rakmayan c\u0131rc\u0131r b\u00f6cekleri ile, g\u00f6ky\u00fcz\u00fcndeki y\u0131ld\u0131zlara taparcas\u0131na bakar, zaman\u0131n durmas\u0131n\u0131 arzulard\u0131k, Bu Ege ka\u00e7\u0131\u015flar\u0131 s\u0131ras\u0131nda muhtelif ki\u015fi ve kurumlardan Yelken e\u011fitimlerimi almay\u0131 ihmal etmeyerek, Temel Yelken E\u011fitiminden ba\u015flayarak , gece seyri , e\u011fitmen e\u011fitimi ilkyard\u0131m e\u011fitimi , Denizde \u00e7at\u0131\u015fmay\u0131 \u00f6nleme, Yang\u0131n ile m\u00fccadele derken a\u015f\u0131k oldu\u011fum Deniz ile evlenmeye karar verdim ve 2014 y\u0131l\u0131nda 40 ft lik yelkenlimiz SU teknesini ald\u0131k.<\/p>\n<p>De\u011ferli Deniz dostlar\u0131, D\u00fcnyam\u0131z milyarlarca y\u0131lda olu\u015fmu\u015f, ancak insan hayat\u0131 g\u00f6z a\u00e7\u0131k kapay\u0131ncaya kadar ge\u00e7iyor, \u015fimdi sizden rica ediyorum \u015f\u00f6yle bir arkan\u0131za uzan\u0131p g\u00f6zlerinizi kapat\u0131n ve kendinize l\u00fctfen \u015fu soruyu sorun, kendim i\u00e7in Ne yapt\u0131m? bunu sordu\u011funuzda ya\u015f\u0131n\u0131z\u0131n ka\u00e7 oldu\u011funu, geriye sa\u011fl\u0131kl\u0131 ne kadar ya\u015fant\u0131n\u0131z kalm\u0131\u015f olabilece\u011fini ve en \u00f6nemlisi bundan sonra Kendiniz i\u00e7in ne yapabilece\u011finizi planlay\u0131n.<\/p>\n<p>Sevgili Deniz Dostum, sizi kendinize zaman ay\u0131rman\u0131z, ya\u015famad\u0131\u011f\u0131n\u0131z kadar sakin, gere\u011fi kadar adrenalin, kahkahalar\u0131n\u0131zla \u00e7\u0131nlayacak koylarda Tatil yapmaya, yelken sporu ile tan\u0131\u015fmaya, \u00f6zg\u00fcrl\u00fc\u011f\u00fcn tad\u0131n\u0131 \u00e7\u0131kartmaya Fethiye Ece Marinaya SU teknesine davet ediyorum \u2026<\/p>\n<p>Kal\u0131n Sa\u011fl\u0131cakla<\/p>\n<p>Pruvan\u0131z Neta, R\u00fczgar\u0131n\u0131z bol olsun.<\/p>\n<p>U\u011fur Kaptan<br \/>\nU\u011fur Bayram Bi\u00e7er<\/p>\n<\/div><div class=\"nav fusion-mobile-tab-nav\"><ul class=\"nav-tabs nav-justified\" role=\"tablist\"><li role=\"presentation\"><a class=\"tab-link\" data-toggle=\"tab\" role=\"tab\" aria-controls=\"tab-42f2738607f9bb3e25b\" aria-selected=\"false\" tabindex=\"-1\" id=\"mobile-fusion-tab-\u0130yikidenizciolmu\u015fum\" href=\"#tab-42f2738607f9bb3e25b\"><h4 class=\"fusion-tab-heading\">\u0130yi ki denizci olmu\u015fum<i class=\"fontawesome-icon fa fa-chevron-down\" aria-hidden=\"true\" style=\"font-size:16px;\"><\/i><\/h4><\/a><\/li><\/ul><\/div><div class=\"tab-pane fade fusion-clearfix\" role=\"tabpanel\" tabindex=\"0\" aria-labelledby=\"fusion-tab-\u0130yikidenizciolmu\u015fum\" id=\"tab-42f2738607f9bb3e25b\">\n<p><img decoding=\"async\" class=\"lazyload alignleft size-full wp-image-436\" src=\"http:\/\/almira.tc\/wp-content\/uploads\/2018\/02\/iyi-ki-denizci-olmusum.jpg\" data-orig-src=\"http:\/\/almira.tc\/wp-content\/uploads\/2018\/02\/iyi-ki-denizci-olmusum.jpg\" alt=\"\" width=\"286\" height=\"130\" srcset=\"data:image\/svg+xml,%3Csvg%20xmlns%3D%27http%3A%2F%2Fwww.w3.org%2F2000%2Fsvg%27%20width%3D%27286%27%20height%3D%27130%27%20viewBox%3D%270%200%20286%20130%27%3E%3Crect%20width%3D%27286%27%20height%3D%27130%27%20fill-opacity%3D%220%22%2F%3E%3C%2Fsvg%3E\" data-srcset=\"https:\/\/almira.tc\/wp-content\/uploads\/2018\/02\/iyi-ki-denizci-olmusum-200x91.jpg 200w, https:\/\/almira.tc\/wp-content\/uploads\/2018\/02\/iyi-ki-denizci-olmusum.jpg 286w\" data-sizes=\"auto\" data-orig-sizes=\"(max-width: 286px) 100vw, 286px\" \/><\/p>\n<p>Erkekli\u011fe ad\u0131m ataca\u011f\u0131m g\u00fcnlerde, anne ve babam\u0131n arzu etti\u011fi ve benim de utanarak ve s\u0131k\u0131larak giydi\u011fim bahriye subay\u0131 k\u0131yafetini, seneler sonra Deniz Harp Okulu yolunu tutararak yakla\u015f\u0131k otuz be\u015f sene s\u00fcre ile \u00fczerimden hi\u00e7 \u00e7\u0131kartmayacak \u015fekilde b\u00fcy\u00fck bir gururla ta\u015f\u0131yaca\u011f\u0131m\u0131, do\u011frusu akl\u0131m\u0131n ucundan nas\u0131l ge\u00e7irebilirdim ki.<\/p>\n<p>Salacak sahilinde alt\u0131 kay\u0131khane olan kirada ikamet etti\u011fimiz evimizin, yar\u0131\u015f hakemi olan ev sahibemizin beni hemen hemen her hafta sonu g\u00f6t\u00fcrm\u00fc\u015f oldu\u011fu Fenerbah\u00e7e-Kalam\u0131\u015f aras\u0131nda icra edilen yelken yar\u0131\u015flar\u0131nda, s\u00f6ylediklerini yapabilmenin heyecan\u0131 i\u00e7erisinde, o g\u00fcnlerde anlam\u0131n\u0131 dahi bilemedi\u011fim de\u011fi\u015fik renklerde olan ve teknelere do\u011fru sallamaya \u00e7al\u0131\u015ft\u0131\u011f\u0131m flamalar\u0131n, denizcilik ya\u015fant\u0131m s\u00fcresince birg\u00fcn anlam kazanaca\u011f\u0131n\u0131 8-9\u2019lu ya\u015flarda iken nas\u0131l bilebilirdim ki.<\/p>\n<p>Ba\u015fka bir zaman i\u00e7erisinde ise, e\u015fi ve Kanarya Adalar\u0131nda yan\u0131na alarak Mi\u00e7o ad\u0131n\u0131 verdi\u011fi kedisi ile birlikte 10.5 metrelik \u201cKISMET\u201d yelkenlisi ile 1965-1968 y\u0131llar\u0131 aras\u0131nda d\u00fcnyay\u0131 dola\u015fan ilk T\u00fcrk denizcisi olan \u00fcnl\u00fc denizcimiz Sadun BORA\u2019n\u0131n Deniz Harp Okulu\u2019nda engin denizcilik tecr\u00fcbelerini bizimle payla\u015f\u0131rken ve denizcili\u011fn temel haberle\u015fme us\u00fcllerinden biri olan i\u015faret sancaklar\u0131n\u0131n anlamlar\u0131n\u0131 akl\u0131m\u0131zdan hi\u00e7 \u00e7\u0131kmayacak \u015fekilde ezberlemenin y\u00f6ntemini bizlere aktar\u0131rken, evimizin \u00f6n\u00fcnde birka\u00e7 arkada\u015f\u0131mla birlikte teknesinin dire\u011fine z\u0131mpara att\u0131\u011f\u0131m\u0131 nas\u0131l unutabilirdim ki.<br \/>\nDi\u011fer taraftan, \u00e7ocuklu\u011fumda ilk okudu\u011fum romanlardan biri olan Jules Verne\u2019in, \u201cDenizler Alt\u0131nda Yirmi Bin Fersah\u201d bilim kurgu t\u00fcr\u00fcnde yaz\u0131lm\u0131\u015f roman\u0131ndaki<br \/>\nNautilus adl\u0131 denizalt\u0131s\u0131 ile seyahat eden Kaptan Nemo ile bilim adam\u0131 Pierre Aronnax\u2019\u0131n K\u0131z\u0131ldeniz, Akdeniz ve kay\u0131p Atlantis K\u0131tas\u0131\u2019n\u0131 i\u00e7eren seyahatlerini ve ya\u015fad\u0131klar\u0131 maceralar\u0131n\u0131 okudu\u011fumda, denize olan ilgimin birg\u00fcn tutkuya d\u00f6n\u00fc\u015fmesinde en \u00f6nemli yap\u0131 ta\u015flar\u0131ndan biri olaca\u011f\u0131n\u0131 nas\u0131l d\u00fc\u015f\u00fcnebilirdim ki.<\/p>\n<p>Bununla birlikte; denizcilik mesle\u011fime ba\u015flamamda ki hi\u00e7bir\u015fey, bo\u011faz\u0131n g\u00fczellikleri ile iyotun kokusunu i\u00e7imde hissetmemi sa\u011flayan okulumun denize naz\u0131r s\u0131n\u0131flar\u0131ndan birinde, babam\u0131n cebinden \u00e7\u0131kartarak okumam i\u00e7in bana vermi\u015f oldu\u011fu sararm\u0131\u015f, solmu\u015f ve olduk\u00e7a da y\u0131pranm\u0131\u015f olan bir gazete k\u00fcp\u00fcr\u00fcn\u00fcn i\u00e7erisinde yaz\u0131l\u0131 olan \u201cNaz\u0131m H\u0130KMET\u201din; \u201dO\u011flumun denizci olmas\u0131n\u0131 isterdim\u201d \u015fiiri kadar etkilememi\u015fti.<\/p>\n<p>O\u011flumun denizci olmas\u0131n\u0131 isterdim.<br \/>\nDeniz sonsuz bir kavga alan\u0131d\u0131r.<br \/>\nDeniz kavgac\u0131d\u0131r.<br \/>\nO\u011flumun kavgac\u0131 olmas\u0131n\u0131 isterdim.<br \/>\nEn iyi en temiz denizde d\u00fc\u015f\u00fcn\u00fcl\u00fcr.<br \/>\n\u0130sterdim ki o\u011flum,<br \/>\nKavgadan ayr\u0131lmadan,<br \/>\nKavgan\u0131n i\u00e7inde d\u00fc\u015f\u00fcnen bir adam olsun.<br \/>\nDenizin g\u00f6z\u00fc pek\u2019tir.<br \/>\nDenizcinin de g\u00f6z\u00fc pek,<br \/>\nDenizle y\u00fcz be y\u00fcz d\u00f6v\u00fc\u015f\u00fcl\u00fcr,<br \/>\n\u0130sterdim ki o\u011flum,<br \/>\nY\u00fcz be y\u00fcz d\u00f6\u011f\u00fc\u015fmekten tat als\u0131n.<br \/>\nDiyeceksiniz ki \u201c\u0130\u015fte bunda halt ettin!<br \/>\nArkadan b\u0131\u00e7ak atmas\u0131n\u0131 bilmeyenler,<br \/>\nBu kara toprak \u00fcst\u00fcnde, kendileri<br \/>\nS\u0131rtlar\u0131ndan b\u0131\u00e7ak yiyerek devrilirler.<br \/>\nIyi ya i\u015fte ben de onun i\u00e7in,<br \/>\nO\u011flumun karada kanc\u0131k\u00e7a d\u00f6v\u00fc\u015fen bir b\u00fcc\u00fcr de\u011fil,<br \/>\nDenizde y\u00fcz be y\u00fcz d\u00f6v\u00fc\u015fen bir DEV olmas\u0131n\u0131 isterdim.<\/p>\n<p>\u0130\u015fte bug\u00fcn de diyorum ki; iyi ki Deniz Subay\u0131 olmu\u015fum, Denizci olmu\u015fum. Bir daha d\u00fcnyaya gelseniz denizci olurmuydun? diye soranlara ise, Evet Evet Evet\u2026<\/p>\n<p>&#8220;Pruvan\u0131z neta, R\u00fczgar\u0131n\u0131z kolay\u0131na olsun &#8211; Allah Selamet Versin.&#8221;<\/p>\n<\/div><\/div><\/div><div class=\"fusion-clearfix\"><\/div><\/div><\/div><\/div><\/div><\/p>\n","protected":false},"excerpt":{"rendered":"","protected":false},"author":1,"featured_media":0,"parent":0,"menu_order":0,"comment_status":"closed","ping_status":"closed","template":"100-width.php","meta":{"footnotes":""},"class_list":["post-430","page","type-page","status-publish","hentry"],"aioseo_notices":[],"_links":{"self":[{"href":"https:\/\/almira.tc\/tr\/wp-json\/wp\/v2\/pages\/430","targetHints":{"allow":["GET"]}}],"collection":[{"href":"https:\/\/almira.tc\/tr\/wp-json\/wp\/v2\/pages"}],"about":[{"href":"https:\/\/almira.tc\/tr\/wp-json\/wp\/v2\/types\/page"}],"author":[{"embeddable":true,"href":"https:\/\/almira.tc\/tr\/wp-json\/wp\/v2\/users\/1"}],"replies":[{"embeddable":true,"href":"https:\/\/almira.tc\/tr\/wp-json\/wp\/v2\/comments?post=430"}],"version-history":[{"count":0,"href":"https:\/\/almira.tc\/tr\/wp-json\/wp\/v2\/pages\/430\/revisions"}],"wp:attachment":[{"href":"https:\/\/almira.tc\/tr\/wp-json\/wp\/v2\/media?parent=430"}],"curies":[{"name":"wp","href":"https:\/\/api.w.org\/{rel}","templated":true}]}}