{"id":476,"date":"2018-02-05T12:12:14","date_gmt":"2018-02-05T12:12:14","guid":{"rendered":"http:\/\/almira.tc\/privacy-policy\/"},"modified":"2018-02-05T12:17:18","modified_gmt":"2018-02-05T12:17:18","slug":"gizlilik-politikasi","status":"publish","type":"page","link":"https:\/\/almira.tc\/tr\/gizlilik-politikasi\/","title":{"rendered":"Gizlilik Politikas\u0131 ve Di\u011fer Kurallar"},"content":{"rendered":"<div class=\"fusion-fullwidth fullwidth-box fusion-builder-row-1 nonhundred-percent-fullwidth non-hundred-percent-height-scrolling\" style=\"--awb-border-radius-top-left:0px;--awb-border-radius-top-right:0px;--awb-border-radius-bottom-right:0px;--awb-border-radius-bottom-left:0px;--awb-flex-wrap:wrap;\" ><div class=\"fusion-builder-row fusion-row\"><div class=\"fusion-layout-column fusion_builder_column fusion-builder-column-0 fusion_builder_column_1_1 1_1 fusion-one-full fusion-column-first fusion-column-last\" style=\"--awb-bg-size:cover;\"><div class=\"fusion-column-wrapper fusion-flex-column-wrapper-legacy\"><div class=\"fusion-text fusion-text-1\"><h1>Almira Yelken Gizlilik Politikas\u0131<\/h1>\n<p>Bu Web sitesini (&#8220;www.almira.tc&#8221;) ve sitenin hizmetlerini (\u201cHizmetler\u201d) kullanmak, bu Gizlilik ve G\u00fcvenlik (\u201cGizlilik Politikas\u0131\u201d) \u015fart ve ko\u015fullar\u0131n\u0131 okudu\u011funuz ve kabul etti\u011finiz anlam\u0131na gelecektir. Bu Gizlilik Politikas\u0131n\u0131 kabul etmedi\u011finiz takdirde sizinle taahh\u00fcde giremeyiz \/ i\u015f yapamay\u0131z veya rezervasyonunuzu kabul edemeyiz. Bu Gizlilik Politikas\u0131n\u0131n \u015fartlar\u0131na uyamayaca\u011f\u0131n\u0131z\u0131 d\u00fc\u015f\u00fcn\u00fcyorsan\u0131z bu siteyi ve sitenin hizmetlerini kullanmaya devam etmeyin.<\/p>\n<h3>Gizlilik Politikas\u0131 De\u011fi\u015ftirildikten Sonra Kay\u0131t Yapmak<\/h3>\n<p>Almira Yelken ve Deniz Turizm A.\u015e.\u2019nin kendisi ve\/veya ba\u011fl\u0131 \u015firketlerinin (hep birlikte \u201cWeb sitesi sahibi\u201d) \u00f6nceden ihbarda bulunmadan her hangi bir zaman bu Gizlilik Politikas\u0131n\u0131 de\u011fi\u015ftirme ve baz\u0131 ilave \u015fartlar ekleme hakk\u0131 vard\u0131r. Gizlilik maddeleri veya Web sitesinin kullan\u0131lmas\u0131 esnas\u0131nda al\u0131nan bilgilerin \u00f6zelli\u011fi ve bu bilgilerin nas\u0131l payla\u015f\u0131ld\u0131\u011f\u0131 veya kullan\u0131ld\u0131\u011f\u0131 ile ilgili olarak kullan\u0131c\u0131lara bilgi vermek amac\u0131yla t\u00fcm de\u011fi\u015fiklikler web sitesinden duyurulacakt\u0131r. Web sitesi Sahibinin bu \u015fart ve ko\u015fullar\u0131 de\u011fi\u015ftirme hakk\u0131 bulundu\u011fundan, Web sitesi Sahibi, Kullan\u0131c\u0131lar\u0131n bu \u015fartlar ve bunlar\u0131n Kullan\u0131c\u0131lar\u0131n bilgilerini nas\u0131l korudu\u011fu hakk\u0131nda bilgi sahibi olmak i\u00e7in Kullan\u0131c\u0131lar\u0131n bunlar\u0131 periyodik olarak g\u00f6zden ge\u00e7irmelerini te\u015fvik eder. Kullan\u0131c\u0131lar, bu Gizlilik Politikas\u0131 ve ilgili de\u011fi\u015fikliklere uymal\u0131 ve d\u00fczenli \u015fekilde g\u00f6zden ge\u00e7irmelidirler. B\u00f6yle bir de\u011fi\u015fiklik sonras\u0131 bu Web sitesini veya sitenin hizmetlerini kullan\u0131rsan\u0131z Gizlilik Politikas\u0131n\u0131n de\u011fi\u015fikliklerini kabul etmi\u015f addedileceksiniz.<\/p>\n<h3>A\u00e7\u0131k Sistem<\/h3>\n<p>Kullan\u0131c\u0131lar (Web sitesine giri\u015f yapan \u00fcyeler dahil herkes i\u00e7in genel bir terim olarak tan\u0131mlan\u0131r), internetin g\u00fcvenli bir \u00e7evre olmad\u0131\u011f\u0131n\u0131; \u0130nternet vas\u0131tas\u0131yla ileti\u015fimin rizikolu oldu\u011funu ve ki\u015fisel bilgiler, \u015fifreler v.s. dahil t\u00fcm bilgilerin \u00fc\u00e7\u00fcnc\u00fc taraflar\u0131n eline ge\u00e7ebilece\u011fini kabul ve beyan ederler.<\/p>\n<p>Bu Web sitesi \u201coldu\u011fu gibi\u201d esas\u0131na dayal\u0131 olarak temin edilmi\u015ftir. S\u0131n\u0131rlama olmadan bu sitenin her hangi bir i\u00e7eri\u011finin veya g\u00fcvenli\u011finin do\u011frulu\u011fu ve taml\u0131\u011f\u0131 ve k\u00f6t\u00fc niyetli hareketler dahil bu Web sitesi ile ilgili olarak ister a\u00e7\u0131k\u00e7a ister ima edilmi\u015f olsun hi\u00e7bir garanti veya beyan veya taahh\u00fct verilmez. S\u0131n\u0131rlama olmadan bu Web sitesinde bulunan veya isnat edilen her hangi bir bilgi veya malzemenin kopyalanmas\u0131 veya kullan\u0131m\u0131 veya bu Web sitesinin ba\u015fka bir \u015fekilde kullan\u0131m\u0131 veya ne \u015fekilde olu\u015fursa olu\u015fsun \u00fc\u00e7\u00fcnc\u00fc taraflar\u0131n tazmin talepleri ile ilgili (s\u0131n\u0131rlama olmadan bu Web sitesinde belirtilen yatlarla ilgili bilgiler dahil), do\u011frudan, dolayl\u0131 veya sonu\u00e7 sal zarar ziyan, hasar, veri, gelir veya kar kayb\u0131, mal kayb\u0131 veya hasar\u0131ndan veya masraftan Web sitesi Sahibi y\u00fck\u00fcml\u00fc olmayacakt\u0131r. Bu Web sitesindeki hi\u00e7bir \u015fey her hangi bir tavsiye olu\u015fturmaz ve her hangi bir bilginin iletimi, bilgisayara y\u00fcklenmesi veya g\u00f6nderilmesi de her hangi bir kontrat sal ili\u015fki meydana getirmez. Bu Web sitesinde yatlar\u0131n, kaptanlar\u0131n ve m\u00fcrettebat\u0131n mevcudiyeti hakk\u0131nda verilen fiyatlar ve endikasyonlar sadece k\u0131lavuz bilgi verme ama\u00e7lar\u0131 i\u00e7in verilmi\u015ftir, ba\u011flay\u0131c\u0131 de\u011fildir ve \u00f6nceden bildirimde bulunulmadan de\u011fi\u015ftirile bilinir.<\/p>\n<h3>Kullan\u0131c\u0131 Bilgileri<\/h3>\n<p>Web sitesi Sahibi, kullan\u0131c\u0131lardan gelen bilgileri bu Web sitesindeki birka\u00e7 farkl\u0131 noktadan al\u0131r. Kullan\u0131c\u0131, makaleler, yaz\u0131lar, belgeler, m\u00fczik, yaz\u0131l\u0131 reklamlar, g\u00f6rsel reklamlar, d\u00fc\u015f\u00fcnceler, temasa ge\u00e7me detaylar\u0131, seyahat \u00f6ncelikleri, \u00f6zel ihtiya\u00e7lar, maluliyetler, diyet gereksinimleri dahil ancak bunlarla s\u0131n\u0131rl\u0131 olmamak kayd\u0131 ile ses, yaz\u0131 veya hareketli\/hareketsiz g\u00f6r\u00fcnt\u00fc i\u00e7eren ve Kullan\u0131c\u0131 taraf\u0131ndan Web sitesine veya Servislerine y\u00fcklenen veya iletilen veya Web sitesi veya Servisleri vas\u0131tas\u0131yla g\u00f6nderilen her nevi i\u00e7erikten m\u00fcnhas\u0131ran sorumlu olacakt\u0131r. Kullan\u0131c\u0131 bilgileri, Kullan\u0131c\u0131 Web sitesinden bilgi talep etti\u011finde, Web sitesi ile temas kurdu\u011funda (veya tersi) veya rezervasyon yapt\u0131rd\u0131\u011f\u0131nda al\u0131na bilinir. Web sitesi veya Servisleri vas\u0131tas\u0131yla g\u00f6nderilen veya iletilen t\u00fcm bilgilerin g\u00fcvenli, do\u011fru, yasal oldu\u011funu ve \u00fc\u00e7\u00fcnc\u00fc taraflar\u0131n haklar\u0131n\u0131 ihlal etmedi\u011fini Kullan\u0131c\u0131lar kabul ve garanti etmi\u015f addedileceklerdir. Kullan\u0131c\u0131, kendi grubunun di\u011fer \u00fcyelerinin bu Gizlilik Politikas\u0131n\u0131n i\u00e7eri\u011finden haberdar olduklar\u0131n\u0131 ve bu Web sitesindeki t\u00fcm al\u0131\u015f veri\u015fler i\u00e7in kendisinin bu \u00fcyeler ad\u0131na hareket edebilece\u011fine dair \u00fcyelerin izinlerinin al\u0131nm\u0131\u015f oldu\u011funu sa\u011flamaktan sorumludur.<\/p>\n<p>Web sitesi sahibinin Kullan\u0131c\u0131lar taraf\u0131ndan web sitesine y\u00fcklenen i\u00e7eri\u011fin \u00fc\u00e7\u00fcnc\u00fc taraflar i\u00e7in zararl\u0131 oldu\u011fu veya \u00fc\u00e7\u00fcnc\u00fc taraflara k\u00fclfet getirdi\u011fi veya uluslararas\u0131 veya mahalli y\u00f6netmeliklere ayk\u0131r\u0131 oldu\u011funu d\u00fc\u015f\u00fcnmesi durumunda Web sitesi Sahibinin bu i\u00e7eri\u011fin k\u0131smen veya tamamen web sitesine eri\u015fimini men etme veya i\u00e7eri\u011fi \u00e7\u0131karma hakk\u0131 vard\u0131r. Web sitesi Sahibinin, her hangi bir Kullan\u0131c\u0131 veya Servis ile ilgili her hangi bir i\u00e7eri\u011fi g\u00fcncelleme, \u00f6n eliminasyondan ge\u00e7irme, ara\u015ft\u0131rma, elimine etme, de\u011fi\u015ftirme, reddetme, bunun hakk\u0131nda dikkat \u00e7ekme veya \u00e7\u0131karma hakk\u0131 mahfuzdur. Ancak bunlar Site sahibinin y\u00fck\u00fcml\u00fcl\u00fc\u011f\u00fc de\u011fildir.<\/p>\n<h3>Kullan\u0131c\u0131 Ad\u0131 ve \u015eifre<\/h3>\n<p>Web sitesi Sahibi baz\u0131 Servisleri veya bunlar\u0131n bir k\u0131sm\u0131n\u0131 \u00dcyelik\/Kay\u0131t Yapt\u0131rma i\u015flemine tabi tutabilir ve bu \u015fekilde kullanabilir. Kay\u0131t yapt\u0131rma i\u015flemi esnas\u0131nda Kullan\u0131c\u0131dan kullan\u0131c\u0131 ad\u0131 ve \u015fifre veya bunlardan biri talep edile bilinir. Kullan\u0131c\u0131, kendi kullan\u0131c\u0131 ad\u0131n\u0131, \u015fifresini korumaktan ve kullan\u0131c\u0131 ad\u0131 ile \u015fifrenin yasal olmayan veya yetkisiz \u015fekilde kullan\u0131lmas\u0131ndan m\u00fcnhas\u0131ran sorumlu olacakt\u0131r. \u00dcyelik \u015fart\u0131na tabi Servisler sadece \u015fifre ile kullan\u0131labilecektir. Kullan\u0131c\u0131, \u00f6zel numaralar, harfler veya karakterler kullanarak g\u00fcvenli bir \u015fifre olu\u015fturmaktan sorumlu olacakt\u0131r. Kullan\u0131c\u0131, \u00fcye ad\u0131 ve \u015fifre kullan\u0131larak yap\u0131lan i\u015flemlerden m\u00fcnhas\u0131ran sorumlu olacakt\u0131r. \u015eifrelerin ve \u00fcye adlar\u0131n\u0131n unutulmas\u0131 veya ba\u015fkalar\u0131n\u0131n eline ge\u00e7mesi veya Kullan\u0131c\u0131n\u0131n Kullan\u0131c\u0131 g\u00fcvenli\u011fini tehdit eden bir durumla kar\u015f\u0131la\u015fmas\u0131 halinde Kullan\u0131c\u0131 durumu derhal Web sitesine veya Web sitesi Sahibine bildirecektir.<\/p>\n<h3>Bilgilerin Korunmas\u0131<\/h3>\n<p>Web sitesi Sahibi t\u00fcm web sitesi sayfalar\u0131n\u0131n g\u00fcvenli muhafaza edilmesi i\u00e7in elinden gelen b\u00fct\u00fcn \u00e7abay\u0131 g\u00f6sterecektir. Bilgilerin gizli, g\u00fcvenli tutulmas\u0131 ve veri b\u00fct\u00fcnl\u00fc\u011f\u00fcn\u00fcn korunmas\u0131 i\u00e7in Web sitesi Sahibi \u00e7e\u015fitli teknik ve idari uygulamalar kullan\u0131r.<\/p>\n<h3>\u0130\u00e7erik<\/h3>\n<p>Web sitesinin telif haklar\u0131 ve finansal haklar\u0131 Web sitesi Sahibine aittir. Yaz\u0131lar, makaleler, g\u00f6r\u00fcnt\u00fcler, resimler, belgeler, sesler, i\u015faretler, tabelalar ve benzeri fikri m\u00fclkiyetler dahil ancak bunlarla s\u0131n\u0131rl\u0131 olmamak kayd\u0131 ile Web sitesinin t\u00fcm i\u00e7eri\u011fi ilgili mevzuat ile korunmu\u015f olup Web sitesi Sahibinden \u00f6nceden al\u0131nm\u0131\u015f izin olmadan bunlar\u0131 ki\u015fisel ve\/veya ticari kullan\u0131m i\u00e7in payla\u015fmak veya da\u011f\u0131tmak yasalara ayk\u0131r\u0131d\u0131r. Bu web sitesinin hi\u00e7bir k\u0131sm\u0131 burada belirtilen ama\u00e7lar d\u0131\u015f\u0131nda kopyalanamaz (bask\u0131, diskete kaydetme, ba\u015fka bir siteye koyma veya ba\u015fka bir \u015fekilde bilgisayara aktarma yolu ile), da\u011f\u0131t\u0131lamaz, yay\u0131nlanamaz veya i\u00e7erik de\u011fi\u015ftirilerek imha edilemez ve Web sitesi sahibinin veya Web sitesinin unvanlar\u0131, isimleri, ticari markalar\u0131, logolar\u0131 veya ba\u015fka unsurlar\u0131 \u00e7\u0131kart\u0131lamaz veya de\u011fi\u015ftirilemez.<\/p>\n<h3>\u00dc\u00e7\u00fcnc\u00fc Taraf Web Siteleri<\/h3>\n<p>Bu Web sitesi \u00fc\u00e7\u00fcnc\u00fc taraflarca i\u015fletilen \u00fcst ve tali web siteleri i\u00e7erebilir ve bu \u00fc\u00e7\u00fcnc\u00fc taraf web sitelerine link (ba\u011flant\u0131) veya bilgi temin edebilir. Web sitesi Sahibi, ba\u011flant\u0131 yap\u0131lan bu web sitelerinin i\u00e7eri\u011fi, g\u00fcvenli\u011fi, gizlilik politikalar\u0131 veya bunlarla daimi ileti\u015fim kurma hususunda \u00f6zel taahh\u00fct veya garanti vermez. Web sitesinde bulunan ve di\u011fer web sitelerine ba\u011flant\u0131 yapan linkler bu Gizlilik Politikas\u0131na dahil edilmemi\u015ftir. Y\u00fck\u00fcml\u00fcl\u00fckler bu \u00fc\u00e7\u00fcnc\u00fc taraf web sitelerinde belirtilen \u015fart ve ko\u015fullara tabidir. \u00dc\u00e7\u00fcnc\u00fc taraf web sitelerini kullanmadan \u00f6nce onlar\u0131n gizlilik politikalar\u0131n\u0131 okuman\u0131z gerekmektedir. Web sitesi Sahibi, \u00fc\u00e7\u00fcnc\u00fc taraf web sitelerine temin edilen ki\u015fisel bilgiler veya onlar\u0131n i\u00e7eri\u011fi ve bu web sitelerin hizmetleri veya gizlilik politikalar\u0131 hususunda sorumlu tutulamaz.<\/p>\n<h3>Web sitesi Yard\u0131mc\u0131 Programlar\u0131<\/h3>\n<p>Kullan\u0131c\u0131, Web sitesi taraf\u0131ndan temin edilen belirli Servislerden (Hizmetlerden) yararlanmak i\u00e7in yard\u0131mc\u0131 programlar kullanmaya gereksinim duyabilir. Bu hizmetleri kullanma durumunda hizmetleri kullanma metodu ve kapsam\u0131 ile ilgili veriler Web sitesi veri taban\u0131na kaydedile bilinir.<\/p>\n<h3>Ki\u015fisel bilgiler<\/h3>\n<p>Kullan\u0131c\u0131, Web sitesini veya Servisleri ziyaret ederken veya kullan\u0131rken ad, soyad, adres\/ikamet bilgileri, IP bilgileri, e-posta adresi, telefon numaras\u0131 dahil ancak bunlarla s\u0131n\u0131rl\u0131 olmayan ki\u015fisel bilgileri verebilir\/verir ve bu bilgiler kay\u0131t edile bilinir. Kullan\u0131c\u0131, verilen, if\u015fa edilen\/kay\u0131t edilen ki\u015fisel bilgiler verilirken bu bilgilere Web sitesi Sahibinin eri\u015febilece\u011fini bildi\u011fini ve verilen\/kay\u0131t edilen t\u00fcm bilgilerin Web sitesi Sahibine if\u015fa edilmi\u015f bilgiler olarak addedilece\u011fini kabul ve beyan eder.<\/p>\n<p>Bu Web sitesi vas\u0131tas\u0131yla toplanan Kullan\u0131c\u0131 Bilgileri veri taban\u0131nda muhafaza edilecek ve Web sitesinin ba\u015far\u0131s\u0131n\u0131 belirlemek ve sitenin faaliyetini denetlemek amac\u0131yla periyodik olarak kullan\u0131lacakt\u0131r. Kullan\u0131c\u0131, Web sitesinin hizmet biriminden bir sayfa talep etti\u011finde, hizmet birimi IP adresi dahil Kullan\u0131c\u0131 sistemi hakk\u0131nda otomatikman baz\u0131 bilgiler toplar. Web sitesi Sahibi kendi Web sitesinin trafi\u011fini analiz etmek i\u00e7in istatistik kullan\u0131r. \u0130statistikler kullan\u0131c\u0131lar\u0131n bireysel profillerini olu\u015fturmaz sadece y\u0131\u011f\u0131n veri toplar.<\/p>\n<p>Web sitesi Sahibi, kendi iste\u011fine ba\u011fl\u0131 olarak Kullan\u0131c\u0131 Ki\u015fisel Bilgilerini veri taban\u0131nda s\u0131n\u0131fland\u0131rabilir ve kayda ge\u00e7irebilir, bu bilgileri Web sitesi ama\u00e7lar\u0131 i\u00e7in kullanabilir, mevzuata uygun olarak ulusal veya uluslararas\u0131 \u00fc\u00e7\u00fcnc\u00fc taraflara iletebilir ve veri taban\u0131nda kayda ge\u00e7en Web sitesinin her sayfas\u0131n\u0131n kullan\u0131m\u0131 ile ilgili olarak verilerden ve istatistiki verilerden faydalanabilir. Kullan\u0131c\u0131, Web sitesi Sahibinin yukar\u0131da bahsi ge\u00e7en kullan\u0131m\u0131 i\u00e7in ona izin verdi\u011fini kabul ve beyan eder. Bunun yan\u0131 s\u0131ra Web sitesi Sahibinin kendi iste\u011fine ba\u011fl\u0131 olarak Web sitesi eri\u015fim aletlerinden faydalanma hakk\u0131 da vard\u0131r.<\/p>\n<p>\u015eirket ve ticari firma \u00fcye bilgileri ki\u015fisel bilgi \u015fart ve ko\u015fullar\u0131na tabi olacakt\u0131r.<br \/>\nKi\u015fisel bilgilerin ile ilgili verdi\u011fin izin, ki\u015fisel bilgilerini servisler, \u00fcyeler, \u00fc\u00e7\u00fcnc\u00fc taraf reklamlar\u0131 veya pazarlama faaliyetleri v.s. i\u00e7in kullanma iznini de kapsar.<br \/>\nWeb sitesi Sahibi kanunun talep etti\u011fi durumlarda ki\u015fisel bilgileri if\u015fa edebilir ancak bu durumda Sahibin bu hareketinin cari adli davaya, mahkeme emrine veya kendi web sitelerine kar\u015f\u0131 yasa i\u015flem yap\u0131laca\u011f\u0131na dair tam inanc\u0131 olmas\u0131 gerekmektedir. Web sitesinin daimi geli\u015fme politikas\u0131na ba\u011fl\u0131 olarak spesifikasyonlar\u0131, fiyatlar\u0131 veya di\u011fer detaylar\u0131 her hangi bir zamanda de\u011fi\u015ftirme hakk\u0131 mahfuzdur.<\/p>\n<h3>Ticari \u0130leti\u015fim<\/h3>\n<p>Web sitesi Sahibi, Web sitesi belle\u011fine al\u0131nan veya Web sitesi Sahibine temin edilen temasa ge\u00e7me adresinize elektronik mesaj veya ticari elektronik mesaj g\u00f6nderebilir. Elektronik ileti\u015fim vas\u0131tas\u0131yla taraf\u0131n\u0131za g\u00f6nderilen her nevi ticari ve ticari olmayan elektronik mesaj\u0131 almay\u0131 onaylad\u0131\u011f\u0131n\u0131z\u0131\/teyit etti\u011finizi kabul ediyorsunuz. Web sitemiz taraf\u0131ndan toplanan ki\u015fisel bilgilerinize eri\u015fim hakk\u0131n\u0131z vard\u0131r. Her zaman sizin taraf\u0131n\u0131zdan temin edilen ve Web sitesinde bulunan bilgilerin suretini Web sitesi Sahibinden talep etme hakk\u0131n\u0131z mevcuttur. Web sitesi Sahibinin bu hizmet i\u00e7in sizden idari \u00fccret talep etme hakk\u0131 vard\u0131r. Bunlar\u0131n yan\u0131 s\u0131ra Web sitesi Sahibinden bilgilerinizi kullanmay\u0131 durdurmas\u0131n\u0131 veya bunlar\u0131 de\u011fi\u015ftirmesini talep etme ve yeni bilgilerinizi Web sitesi Sahibine g\u00f6nderme hakk\u0131n\u0131z vard\u0131r. Yukar\u0131da bahsi ge\u00e7en taleplerden birini yapmak istiyorsan\u0131z l\u00fctfen info@almira.tc ile temas kurunuz. Gizlilik politikam\u0131z \u00fczerine her hangi bir sorunuz var ise l\u00fctfen info@almira.tc ile temasa ge\u00e7iniz.<\/p>\n<h3>Gizlilik Politikas\u0131n\u0131n \u0130hlali<\/h3>\n<p>Gizlilik Politikas\u0131n\u0131n ihlal edilmesi veya politikay\u0131 ihlal etme giri\u015fiminin olmas\u0131 durumunda, bu giri\u015fim k\u0131smen veya tamamen amac\u0131na ula\u015famasa bile Web sitesi Sahibinin sistemdeki mevcut bilgileri reddetme, \u00e7\u0131karma, silme, Kullan\u0131c\u0131n\u0131n\/\u00dcyenin Web sitesine veya Servislere eri\u015fimini ask\u0131ya alma veya bloke etme veya \u00f6nceden ihbarda bulunmadan \u00fcyeli\u011fini iptal etme\/durdurma haklar\u0131 mahfuzdur. Yukar\u0131da belirtilen \u015fartlar Kullan\u0131c\u0131lar veya \u00dcyeler ad\u0131na hareket eden \u00fc\u00e7\u00fcnc\u00fc taraflar\u0131n dolayl\u0131 ihlallerine veya ihlal giri\u015fimlerine uygulan\u0131r.<\/p>\n<\/div><div class=\"fusion-clearfix\"><\/div><\/div><\/div><\/div><\/div>\n","protected":false},"excerpt":{"rendered":"","protected":false},"author":1,"featured_media":0,"parent":0,"menu_order":0,"comment_status":"closed","ping_status":"closed","template":"100-width.php","meta":{"footnotes":""},"class_list":["post-476","page","type-page","status-publish","hentry"],"aioseo_notices":[],"_links":{"self":[{"href":"https:\/\/almira.tc\/tr\/wp-json\/wp\/v2\/pages\/476","targetHints":{"allow":["GET"]}}],"collection":[{"href":"https:\/\/almira.tc\/tr\/wp-json\/wp\/v2\/pages"}],"about":[{"href":"https:\/\/almira.tc\/tr\/wp-json\/wp\/v2\/types\/page"}],"author":[{"embeddable":true,"href":"https:\/\/almira.tc\/tr\/wp-json\/wp\/v2\/users\/1"}],"replies":[{"embeddable":true,"href":"https:\/\/almira.tc\/tr\/wp-json\/wp\/v2\/comments?post=476"}],"version-history":[{"count":0,"href":"https:\/\/almira.tc\/tr\/wp-json\/wp\/v2\/pages\/476\/revisions"}],"wp:attachment":[{"href":"https:\/\/almira.tc\/tr\/wp-json\/wp\/v2\/media?parent=476"}],"curies":[{"name":"wp","href":"https:\/\/api.w.org\/{rel}","templated":true}]}}