{"id":482,"date":"2018-02-05T12:19:55","date_gmt":"2018-02-05T12:19:55","guid":{"rendered":"http:\/\/almira.tc\/terms-conditions\/"},"modified":"2018-02-05T12:34:09","modified_gmt":"2018-02-05T12:34:09","slug":"sartlar-kosullar","status":"publish","type":"page","link":"https:\/\/almira.tc\/tr\/sartlar-kosullar\/","title":{"rendered":"\u015eartlar ve Ko\u015fullar"},"content":{"rendered":"<div class=\"fusion-fullwidth fullwidth-box fusion-builder-row-1 nonhundred-percent-fullwidth non-hundred-percent-height-scrolling\" style=\"--awb-border-radius-top-left:0px;--awb-border-radius-top-right:0px;--awb-border-radius-bottom-right:0px;--awb-border-radius-bottom-left:0px;--awb-flex-wrap:wrap;\" ><div class=\"fusion-builder-row fusion-row\"><div class=\"fusion-layout-column fusion_builder_column fusion-builder-column-0 fusion_builder_column_1_1 1_1 fusion-one-full fusion-column-first fusion-column-last\" style=\"--awb-bg-size:cover;\"><div class=\"fusion-column-wrapper fusion-flex-column-wrapper-legacy\"><div class=\"fusion-text fusion-text-1\"><h1>\u015eartlar ve Ko\u015fullar<\/h1>\n<p>Web sitemize ho\u015f geldiniz. Bu sitede dola\u015fmaya devam ederseniz, kullan\u0131m \u015fartlar\u0131na ve gizlilik politikas\u0131na uyaca\u011f\u0131n\u0131z\u0131 kabul etmi\u015f olursunuz. E\u011fer Almira Yelken in kullan\u0131m \u015fartlar\u0131 ve gizlilik politikas\u0131n\u0131n herhangi bir b\u00f6l\u00fcm\u00fcn\u00fc kabul etmiyorsan\u0131z, l\u00fctfen bu siteyi kullanmay\u0131n\u0131z sitemizde kullan\u0131lan &#8220;siz&#8221; ibaresi kullan\u0131c\u0131y\u0131 ifade eder. Sitede ge\u00e7en &#8220;Almira Yelken\u2019\u2019 Yat\u00e7\u0131l\u0131k&#8221; ve &#8220;biz&#8221; ibareleriyle site sahibinden bahsedilmektedir. Firmam\u0131z\u0131n sicil numaras\u0131 24684 \/ 33322, yeri Kocaeli Ticaret odas\u0131 \u00fcyesi olup, Tekne yeri Ece Saray marina Fethiye \u2013 Mu\u011fla d\u0131r.<\/p>\n<p><strong>Bu sitenin kullan\u0131m\u0131 a\u015fa\u011f\u0131daki ko\u015fullara ba\u011fl\u0131d\u0131r;<\/strong><\/p>\n<p>Bu sitedeki sayfa i\u00e7eri\u011fi genel bilgi ve kullan\u0131m i\u00e7indir. Bilgi verilmeksizin de\u011fi\u015fiklik yap\u0131labilir. Bu web sitesi browser se\u00e7eneklerini denetlemek i\u00e7in \u00e7erezleri kullan\u0131r.<\/p>\n<p>\u00c7erezlerin kullan\u0131lmas\u0131na izin vermemeniz durumunda saklanan ki\u015fisel bilgiler \u00fc\u00e7\u00fcnc\u00fc taraflarca kullan\u0131labilir. Sitede kullan\u0131lan bilgi ve materyallerin do\u011frulu\u011fu, zamanl\u0131l\u0131\u011f\u0131, uygunlu\u011fu ve performans\u0131 biz veya \u00fc\u00e7\u00fcnc\u00fc taraflarca garanti edilmemektedir. Kullan\u0131c\u0131, bu bilgi ve materyallerin yanl\u0131\u015f ve hatal\u0131 olabilece\u011fini ve bunun i\u00e7in kanunun izin verdi\u011fi \u00f6l\u00e7\u00fclerde sorumluluk almad\u0131\u011f\u0131m\u0131z\u0131 kabul eder.<\/p>\n<p>Bu sitede var olan t\u00fcm bilgi ve materyallerin kullan\u0131m sorumlulu\u011fu kullan\u0131c\u0131ya aittir. Almira Yelken sorumlu tutulamaz. Bu sitede kullan\u0131lan \u00fcr\u00fcnlerin, servislerin ya da bilgilerin ihtiyac\u0131n\u0131 g\u00f6rmesi kullan\u0131c\u0131n\u0131n sorumlulu\u011funda olacakt\u0131r.<\/p>\n<p>Bu sitedeki materyallerin lisansl\u0131 sahibi Almira Yelken\u2019dir. Bu materyaller; tasar\u0131m, sayfa d\u00fczeni, g\u00f6r\u00fcn\u00fcm ve grafiklerdir ve bunlarla s\u0131n\u0131rl\u0131 de\u011fildir. Site i\u00e7eri\u011finin telif haklar\u0131 al\u0131nmadan \u00e7o\u011falt\u0131lmas\u0131 yasakt\u0131r. Bizim taraf\u0131m\u0131zdan lisansl\u0131 ya da bize ait olmayan t\u00fcm tescilli markalar sitemizde referans verilerek kullan\u0131lm\u0131\u015ft\u0131r. Bu sitenin izinsiz kullan\u0131m\u0131 tazminat \u00f6denmesi ve cezaland\u0131r\u0131lmaya sebebiyet verebilir. Sitemizde di\u011fer web sitelerine olan linkler yer alabilir. Bu linkler kullan\u0131c\u0131ya daha fazla bilgiye ula\u015fmas\u0131 i\u00e7in kolayl\u0131k sa\u011flamas\u0131 i\u00e7in konulmu\u015ftur. Bu linklerin sitemizde yer almas\u0131 i\u00e7eriklerini onaylad\u0131\u011f\u0131m\u0131z anlam\u0131na gelmemektedir. Linki olan sitelerle ilgili Almira Yelken sorumluluk kabul etmez.<\/p>\n<p>Bu sitenin kullan\u0131m\u0131 nedeniyle do\u011facak herhangi bir yasal anla\u015fmazl\u0131k T\u00fcrkiye Cumhuriyeti kanunlar\u0131 h\u00fckm\u00fc alt\u0131nda olacakt\u0131r.<\/p>\n<\/div><div class=\"fusion-clearfix\"><\/div><\/div><\/div><\/div><\/div>\n","protected":false},"excerpt":{"rendered":"","protected":false},"author":1,"featured_media":0,"parent":0,"menu_order":0,"comment_status":"closed","ping_status":"closed","template":"","meta":{"footnotes":""},"class_list":["post-482","page","type-page","status-publish","hentry"],"aioseo_notices":[],"_links":{"self":[{"href":"https:\/\/almira.tc\/tr\/wp-json\/wp\/v2\/pages\/482","targetHints":{"allow":["GET"]}}],"collection":[{"href":"https:\/\/almira.tc\/tr\/wp-json\/wp\/v2\/pages"}],"about":[{"href":"https:\/\/almira.tc\/tr\/wp-json\/wp\/v2\/types\/page"}],"author":[{"embeddable":true,"href":"https:\/\/almira.tc\/tr\/wp-json\/wp\/v2\/users\/1"}],"replies":[{"embeddable":true,"href":"https:\/\/almira.tc\/tr\/wp-json\/wp\/v2\/comments?post=482"}],"version-history":[{"count":0,"href":"https:\/\/almira.tc\/tr\/wp-json\/wp\/v2\/pages\/482\/revisions"}],"wp:attachment":[{"href":"https:\/\/almira.tc\/tr\/wp-json\/wp\/v2\/media?parent=482"}],"curies":[{"name":"wp","href":"https:\/\/api.w.org\/{rel}","templated":true}]}}