{"id":486,"date":"2018-02-05T12:24:00","date_gmt":"2018-02-05T12:24:00","guid":{"rendered":"http:\/\/almira.tc\/usefull-links\/"},"modified":"2021-12-22T17:45:57","modified_gmt":"2021-12-22T17:45:57","slug":"usefull-links","status":"publish","type":"page","link":"https:\/\/almira.tc\/tr\/usefull-links\/","title":{"rendered":"\u00d6nemli Linkler"},"content":{"rendered":"<div class=\"fusion-fullwidth fullwidth-box fusion-builder-row-1 nonhundred-percent-fullwidth non-hundred-percent-height-scrolling\" style=\"--awb-border-radius-top-left:0px;--awb-border-radius-top-right:0px;--awb-border-radius-bottom-right:0px;--awb-border-radius-bottom-left:0px;--awb-flex-wrap:wrap;\" ><div class=\"fusion-builder-row fusion-row\"><div class=\"fusion-layout-column fusion_builder_column fusion-builder-column-0 fusion_builder_column_1_1 1_1 fusion-one-full fusion-column-first fusion-column-last\" style=\"--awb-bg-size:cover;\"><div class=\"fusion-column-wrapper fusion-flex-column-wrapper-legacy\"><div class=\"fusion-text fusion-text-1\"><h3 style=\"text-align: center;\"><a href=\"http:\/\/www.sahilguvenlik.gov.tr\/index.asp\" target=\"_blank\" rel=\"noopener noreferrer\">Sahil G\u00fcvenlik Komutanl\u0131\u011f\u0131<\/a><\/h3>\n<h3 style=\"text-align: center;\"><a href=\"http:\/\/www.sahilguvenlik.gov.tr\/baskanliklar\/genel_sekreterlik\/arama_kurtarma.asp\" target=\"_blank\" rel=\"noopener noreferrer\">Sahil G\u00fcvenlik Arama<\/a><\/h3>\n<h3 style=\"text-align: center;\"><a href=\"http:\/\/uygulama.sg.gov.tr\/SGKIhbar\/ihbar\/ihbar.xhtml\" target=\"_blank\" rel=\"noopener noreferrer\">Sahil G\u00fcvenlik \u0130hbar<\/a><\/h3>\n<h3 style=\"text-align: center;\"><a href=\"https:\/\/pirireis.mgm.gov.tr\/ruzgar-yon-hiz\/tum-denizler\" target=\"_blank\" rel=\"noopener noreferrer\">R\u00fczgarlar<\/a><\/h3>\n<h3 style=\"text-align: center;\"><a href=\"https:\/\/pirireis.mgm.gov.tr\/marinalar\/21\" target=\"_blank\" rel=\"noopener noreferrer\">Marinalarda Hava Durumu<\/a><\/h3>\n<h3 style=\"text-align: center;\"><a href=\"https:\/\/pirireis.mgm.gov.tr\/deniz-suyu-sicakliklari\" target=\"_blank\" rel=\"noopener noreferrer\">Deniz Suyu S\u0131cakl\u0131klar<\/a><\/h3>\n<h3 style=\"text-align: center;\"><a href=\"https:\/\/pirireis.mgm.gov.tr\/deniz-yolu-tahmin-sistemi\" target=\"_blank\" rel=\"noopener noreferrer\">Deniz Yolu Hava Tahmin<\/a><\/h3>\n<\/div><div class=\"fusion-clearfix\"><\/div><\/div><\/div><\/div><\/div>\n","protected":false},"excerpt":{"rendered":"","protected":false},"author":1,"featured_media":0,"parent":0,"menu_order":0,"comment_status":"closed","ping_status":"closed","template":"","meta":{"footnotes":""},"class_list":["post-486","page","type-page","status-publish","hentry"],"aioseo_notices":[],"_links":{"self":[{"href":"https:\/\/almira.tc\/tr\/wp-json\/wp\/v2\/pages\/486","targetHints":{"allow":["GET"]}}],"collection":[{"href":"https:\/\/almira.tc\/tr\/wp-json\/wp\/v2\/pages"}],"about":[{"href":"https:\/\/almira.tc\/tr\/wp-json\/wp\/v2\/types\/page"}],"author":[{"embeddable":true,"href":"https:\/\/almira.tc\/tr\/wp-json\/wp\/v2\/users\/1"}],"replies":[{"embeddable":true,"href":"https:\/\/almira.tc\/tr\/wp-json\/wp\/v2\/comments?post=486"}],"version-history":[{"count":0,"href":"https:\/\/almira.tc\/tr\/wp-json\/wp\/v2\/pages\/486\/revisions"}],"wp:attachment":[{"href":"https:\/\/almira.tc\/tr\/wp-json\/wp\/v2\/media?parent=486"}],"curies":[{"name":"wp","href":"https:\/\/api.w.org\/{rel}","templated":true}]}}