{"id":503,"date":"2018-02-05T15:54:44","date_gmt":"2018-02-05T15:54:44","guid":{"rendered":"http:\/\/almira.tc\/routes-around\/"},"modified":"2018-02-17T11:24:13","modified_gmt":"2018-02-17T11:24:13","slug":"rodos-mikonos-simi","status":"publish","type":"page","link":"https:\/\/almira.tc\/tr\/rodos-mikonos-simi\/","title":{"rendered":"Kom\u015fu B\u00f6lgeler"},"content":{"rendered":"<div class=\"fusion-fullwidth fullwidth-box fusion-builder-row-1 nonhundred-percent-fullwidth non-hundred-percent-height-scrolling\" style=\"--awb-border-radius-top-left:0px;--awb-border-radius-top-right:0px;--awb-border-radius-bottom-right:0px;--awb-border-radius-bottom-left:0px;--awb-flex-wrap:wrap;\" ><div class=\"fusion-builder-row fusion-row\"><div class=\"fusion-layout-column fusion_builder_column fusion-builder-column-0 fusion_builder_column_1_1 1_1 fusion-one-full fusion-column-first fusion-column-last\" style=\"--awb-bg-size:cover;\"><div class=\"fusion-column-wrapper fusion-flex-column-wrapper-legacy\"><div class=\"fusion-tabs fusion-tabs-1 classic vertical-tabs icon-position-left mobile-mode-accordion\" style=\"--awb-title-border-radius-top-left:0px;--awb-title-border-radius-top-right:0px;--awb-title-border-radius-bottom-right:0px;--awb-title-border-radius-bottom-left:0px;--awb-inactive-color:#ebeaea;--awb-background-color:#ffffff;--awb-border-color:#ebeaea;--awb-active-border-color:#67b7e1;\"><div class=\"nav\"><ul class=\"nav-tabs\" role=\"tablist\"><li class=\"active\" role=\"presentation\"><a class=\"tab-link\" data-toggle=\"tab\" role=\"tab\" aria-controls=\"tab-8ef8a1a8486f384afce\" aria-selected=\"true\" id=\"fusion-tab-mikonos\" href=\"#tab-8ef8a1a8486f384afce\"><h4 class=\"fusion-tab-heading\">Mikonos<\/h4><\/a><\/li><li role=\"presentation\"><a class=\"tab-link\" data-toggle=\"tab\" role=\"tab\" aria-controls=\"tab-101e326a7ad5affe26e\" aria-selected=\"false\" tabindex=\"-1\" id=\"fusion-tab-rodos\" href=\"#tab-101e326a7ad5affe26e\"><h4 class=\"fusion-tab-heading\">Rodos<\/h4><\/a><\/li><li role=\"presentation\"><a class=\"tab-link\" data-toggle=\"tab\" role=\"tab\" aria-controls=\"tab-501ff0566361a977462\" aria-selected=\"false\" tabindex=\"-1\" id=\"fusion-tab-simi\" href=\"#tab-501ff0566361a977462\"><h4 class=\"fusion-tab-heading\">Simi<\/h4><\/a><\/li><\/ul><\/div><div class=\"tab-content\"><div class=\"nav fusion-mobile-tab-nav\"><ul class=\"nav-tabs\" role=\"tablist\"><li class=\"active\" role=\"presentation\"><a class=\"tab-link\" data-toggle=\"tab\" role=\"tab\" aria-controls=\"tab-8ef8a1a8486f384afce\" aria-selected=\"true\" id=\"mobile-fusion-tab-mikonos\" href=\"#tab-8ef8a1a8486f384afce\"><h4 class=\"fusion-tab-heading\">Mikonos<\/h4><\/a><\/li><\/ul><\/div><div class=\"tab-pane fade fusion-clearfix in active\" role=\"tabpanel\" tabindex=\"0\" aria-labelledby=\"fusion-tab-mikonos\" id=\"tab-8ef8a1a8486f384afce\">\n<div class=\"awb-gallery-wrapper awb-gallery-wrapper-1 button-span-no\"><div style=\"margin:-5px;--awb-bordersize:0px;\" class=\"fusion-gallery fusion-gallery-container fusion-grid-3 fusion-columns-total-3 fusion-gallery-layout-grid fusion-gallery-1\"><div style=\"padding:5px;\" class=\"fusion-grid-column fusion-gallery-column fusion-gallery-column-3 hover-type-none\"><div class=\"fusion-gallery-image\"><a href=\"https:\/\/almira.tc\/wp-content\/uploads\/2018\/02\/mykonos-aerial-photo.jpg\" rel=\"noreferrer\" data-rel=\"iLightbox[gallery_image_1]\" class=\"fusion-lightbox\" target=\"_self\"><img decoding=\"async\" src=\"https:\/\/almira.tc\/wp-content\/uploads\/2018\/02\/mykonos-aerial-photo-460x295.jpg\" width=\"460\" height=\"295\" alt=\"\" title=\"H4GNN6\" aria-label=\"H4GNN6\" class=\"img-responsive wp-image-808 fusion-gallery-image-size-fixed\"  \/><\/a><\/div><\/div><div style=\"padding:5px;\" class=\"fusion-grid-column fusion-gallery-column fusion-gallery-column-3 hover-type-none\"><div class=\"fusion-gallery-image\"><a href=\"https:\/\/almira.tc\/wp-content\/uploads\/2018\/02\/mykonos-bay-greece.jpg\" rel=\"noreferrer\" data-rel=\"iLightbox[gallery_image_1]\" class=\"fusion-lightbox\" target=\"_self\"><img decoding=\"async\" src=\"https:\/\/almira.tc\/wp-content\/uploads\/2018\/02\/mykonos-bay-greece-460x295.jpg\" width=\"460\" height=\"295\" alt=\"\" title=\"Beautiful Bay of Mykonos, Greece\" aria-label=\"Beautiful Bay of Mykonos, Greece\" class=\"img-responsive wp-image-812 fusion-gallery-image-size-fixed\"  \/><\/a><\/div><\/div><div style=\"padding:5px;\" class=\"fusion-grid-column fusion-gallery-column fusion-gallery-column-3 hover-type-none\"><div class=\"fusion-gallery-image\"><a href=\"https:\/\/almira.tc\/wp-content\/uploads\/2018\/02\/Mykonos.jpg\" rel=\"noreferrer\" data-rel=\"iLightbox[gallery_image_1]\" class=\"fusion-lightbox\" target=\"_self\"><img decoding=\"async\" src=\"https:\/\/almira.tc\/wp-content\/uploads\/2018\/02\/Mykonos-460x295.jpg\" width=\"460\" height=\"295\" alt=\"\" title=\"Mykonos\" aria-label=\"Mykonos\" class=\"img-responsive wp-image-816 fusion-gallery-image-size-fixed\"  \/><\/a><\/div><\/div><div class=\"clearfix\"><\/div><\/div><\/div>\n<h1>Mikonos (Mykonos)<\/h1>\n<p>Mykonos (Yunanca: \u039c\u03cd\u03ba\u03bf\u03bd\u03bf\u03c2), Ege Denizi&#8217;ndeki Kiklad Adalar\u0131&#8217;na ba\u011fl\u0131 olan ada \u00f6ncelikle granitten olu\u015fmu\u015ftur. 86 km\u00b2 y\u00fcz\u00f6l\u00e7\u00fcm\u00fcyle beraber adan\u0131n 2011 say\u0131m\u0131na g\u00f6re 10.134 n\u00fcfusu vard\u0131r.<\/p>\n<p>89 km sahil \u015feridine sahiptir. Mykonos sabah\u0131n ilk \u0131\u015f\u0131klar\u0131na kadar s\u00fcren renkli gece hayat\u0131 e\u011flencelerine istinaden Avrupa Jet sosyetesinin de tercihi olmakla birlikte Yunan adalar\u0131n\u0131n en g\u00f6zde ve en u\u011frak yeridir.<\/p>\n<p>Mykonos adas\u0131nda toplu ta\u015f\u0131ma otob\u00fcslerle sa\u011flan\u0131yor fakat \u00e7ok k\u0131s\u0131tl\u0131 say\u0131da. Bu nedenle ara\u00e7 kiralama \u00e7ok yayg\u0131n. Otomobil, atv ve motor kiralama tercih ediliyor. Mykonos Town b\u00f6lgesinden plajlara deniz taksi imkan\u0131 da tercih edilen alternatifler aras\u0131nda.<\/p>\n<\/div><div class=\"nav fusion-mobile-tab-nav\"><ul class=\"nav-tabs\" role=\"tablist\"><li role=\"presentation\"><a class=\"tab-link\" data-toggle=\"tab\" role=\"tab\" aria-controls=\"tab-101e326a7ad5affe26e\" aria-selected=\"false\" tabindex=\"-1\" id=\"mobile-fusion-tab-rodos\" href=\"#tab-101e326a7ad5affe26e\"><h4 class=\"fusion-tab-heading\">Rodos<\/h4><\/a><\/li><\/ul><\/div><div class=\"tab-pane fade fusion-clearfix\" role=\"tabpanel\" tabindex=\"0\" aria-labelledby=\"fusion-tab-rodos\" id=\"tab-101e326a7ad5affe26e\">\n<div class=\"awb-gallery-wrapper awb-gallery-wrapper-2 button-span-no\"><div style=\"margin:-5px;--awb-bordersize:0px;\" class=\"fusion-gallery fusion-gallery-container fusion-grid-3 fusion-columns-total-3 fusion-gallery-layout-grid fusion-gallery-2\"><div style=\"padding:5px;\" class=\"fusion-grid-column fusion-gallery-column fusion-gallery-column-3 hover-type-none\"><div class=\"fusion-gallery-image\"><a href=\"https:\/\/almira.tc\/wp-content\/uploads\/2018\/02\/atrium-platinum_location-Rodos.jpg\" rel=\"noreferrer\" data-rel=\"iLightbox[gallery_image_2]\" class=\"fusion-lightbox\" target=\"_self\"><img decoding=\"async\" src=\"https:\/\/almira.tc\/wp-content\/uploads\/2018\/02\/atrium-platinum_location-Rodos-460x295.jpg\" width=\"460\" height=\"295\" alt=\"\" title=\"atrium platinum_location Rodos\" aria-label=\"atrium platinum_location Rodos\" class=\"img-responsive wp-image-820 fusion-gallery-image-size-fixed\"  \/><\/a><\/div><\/div><div style=\"padding:5px;\" class=\"fusion-grid-column fusion-gallery-column fusion-gallery-column-3 hover-type-none\"><div class=\"fusion-gallery-image\"><a href=\"https:\/\/almira.tc\/wp-content\/uploads\/2018\/02\/Lindos-Greek-Island-of-Rhodes.jpg\" rel=\"noreferrer\" data-rel=\"iLightbox[gallery_image_2]\" class=\"fusion-lightbox\" target=\"_self\"><img decoding=\"async\" src=\"https:\/\/almira.tc\/wp-content\/uploads\/2018\/02\/Lindos-Greek-Island-of-Rhodes-460x295.jpg\" width=\"460\" height=\"295\" alt=\"\" title=\"Lindos Greek Island of Rhodes\" aria-label=\"Lindos Greek Island of Rhodes\" class=\"img-responsive wp-image-824 fusion-gallery-image-size-fixed\"  \/><\/a><\/div><\/div><div style=\"padding:5px;\" class=\"fusion-grid-column fusion-gallery-column fusion-gallery-column-3 hover-type-none\"><div class=\"fusion-gallery-image\"><a href=\"https:\/\/almira.tc\/wp-content\/uploads\/2018\/02\/yunanistan-rodos-yat-seyahati.jpg\" rel=\"noreferrer\" data-rel=\"iLightbox[gallery_image_2]\" class=\"fusion-lightbox\" target=\"_self\"><img decoding=\"async\" src=\"https:\/\/almira.tc\/wp-content\/uploads\/2018\/02\/yunanistan-rodos-yat-seyahati-460x295.jpg\" width=\"460\" height=\"295\" alt=\"\" title=\"yunanistan rodos yat seyahati\" aria-label=\"yunanistan rodos yat seyahati\" class=\"img-responsive wp-image-828 fusion-gallery-image-size-fixed\"  \/><\/a><\/div><\/div><div class=\"clearfix\"><\/div><\/div><\/div>\n<h1>RODOS<\/h1>\n<p>Rodos (Yunanca: \u03a1\u03cc\u03b4\u03bf\u03c2) Ege Denizi&#8217;nde ada, Oniki Adalar\u0131n en b\u00fcy\u00fc\u011f\u00fc, Yunanistan&#8217;\u0131n, Meis adas\u0131 hesaba kat\u0131lmazsa, en do\u011fuda bulunan adas\u0131, adan\u0131n ayn\u0131 adl\u0131 idari merkezi. T\u00fcrkiye k\u0131y\u0131lar\u0131n\u0131n en yak\u0131n noktas\u0131 olan Bozburun Yar\u0131madas\u0131&#8217;ndan 18 km (11 mil) mesafededir. Adan\u0131n 2004 n\u00fcfusu 130.000 olup, bunun 55.000&#8217;i Rodos \u015fehrinde ya\u015famaktad\u0131r. Rodos \u015fehri Yunanistan&#8217;\u0131n Oniki Adalar (\u0394\u03c9\u03b4\u03b5\u03ba\u03ac\u03bd\u03b7\u03c3\u03b1, Dodekanisa) idari b\u00f6lgesinin ve (S\u00f6mbeki, Herke, \u0130leki ve Meis adalar\u0131n\u0131 da i\u00e7eren) Rodos ilinin (nomos) merkezidir.<\/p>\n<p>D\u00fcnyan\u0131n yedi harikas\u0131ndan biri kabul edilen Rodos Heykeli (Kolossos) M\u00d6 280 y\u0131l\u0131nda Dorlar taraf\u0131ndan Rodos liman giri\u015finde in\u015fa edilmi\u015ftir. Rodos \u015fehrinin Tap\u0131nak \u015e\u00f6valyeleri taraf\u0131ndan in\u015fa edilmi\u015f kalesi ve Orta \u00c7a\u011f&#8217;dan kalma mahallesi UNESCO D\u00fcnya Miras\u0131 Listesi&#8217;ndedir. Adada ayr\u0131ca, Rodos Diagoras Uluslararas\u0131 Havaalan\u0131 ile Rodos \u015fehri aras\u0131nda kalan kesimde toplanm\u0131\u015f 3.500 n\u00fcfusluk bir T\u00fcrk az\u0131nl\u0131k bulunmaktad\u0131r. \u0130\u00e7 k\u0131s\u0131mlar\u0131 ormanl\u0131kt\u0131r ve T\u00fcrk \u00e7am\u0131 da denilen Pinus brutia a\u011fa\u00e7lar\u0131 k\u0131z\u0131l\u00e7amlar ile kapl\u0131d\u0131r. Adan\u0131n flora ve faunas\u0131n\u0131n, genel olarak, Yunanistan&#8217;\u0131n kalan k\u0131s\u0131mlar\u0131ndan ziyade T\u00fcrkiye&#8217;nin bat\u0131 sahillerini and\u0131rd\u0131\u011f\u0131 kabul g\u00f6rmektedir. Adan\u0131n kuzey ucundaki Rodos d\u0131\u015f\u0131ndaki en \u00f6nemli yerle\u015fim, g\u00fcneydo\u011fu sahilindeki Lindos&#8217;tur.<\/p>\n<h2>Co\u011frafya<\/h2>\n<p>Rodos adas\u0131 m\u0131zrak ucu benzeri bi\u00e7imdedir. 79,7 km uzunluk ve 38 km geni\u015flik ile toplam alan\u0131 yakla\u015f\u0131k 1.398 km\u00b2 dir(540 mil kare).Deniz sahili yakla\u015f\u0131k 220 km dir. Rodos \u015fehri adan\u0131n kuzey ucu sonundad\u0131r. Antik \u00e7a\u011f sitesi ve modern ticaret liman\u0131n\u0131 i\u00e7erir. Ana havayolu kap\u0131s\u0131 Diagoras International Airporttur. IATA daki kodu: RHO dur. Havaliman\u0131 Paradisi \u015fehrinin 14 km g\u00fcney bat\u0131s\u0131ndad\u0131r. Karayolu a\u011f\u0131 \u015febekesi \u015fehirden do\u011fu ve bat\u0131 sahilleri boyunca yay\u0131l\u0131r. Ada Rodos geyi\u011fine anayurttur. Petalus yani Kelebekler Vadisinde yaz\u0131n \u00e7ok say\u0131da kelebek toplan\u0131r. Attaviros da\u011f\u0131 1.215 metre irtifas\u0131yla adan\u0131n en y\u00fcksek noktas\u0131d\u0131r. Sahiller ta\u015f gibi kat\u0131 iken ada ekilebilr topraklara sahiptir. Burada turun\u00e7giller, \u015farapl\u0131k \u00fcz\u00fcm, sebzeler, zeytin a\u011fa\u00e7lar\u0131 ve di\u011fer mahs\u00fcller yeti\u015ftirilir. Rodos&#8217;un d\u0131\u015f\u0131nda ada k\u00fc\u00e7\u00fck k\u00f6yler ve dinlenme sahilleri ile noktalan\u0131r. Bunlar\u0131n i\u00e7inde Faliraki, Lindos, Ar\u00e7angelos, Afandu, Koskinu, Embona, Paradisi ve Tiranta say\u0131labilir. Turizm, adan\u0131n birincil gelir kayna\u011f\u0131d\u0131r.<\/p>\n<h2>Antik Zamanlar<\/h2>\n<p>1493 y\u0131l\u0131 a\u011fa\u00e7 oyma Rodos \u015fehri,Hartmann Schedel<br \/>\nAdaya yerle\u015fim neoklasik d\u00f6nemde idi,bu k\u00fclt\u00fcre ait az kal\u0131nt\u0131 olsa bile.<\/p>\n<p>M\u00d6 16. y\u00fczy\u0131lda Girit Uygarl\u0131\u011f\u0131 adaya yerle\u015fti. Ondan daha sonra Yunan Mitolojisi, yeni bir Rodos \u0131rk\u0131 isimlendirdi, Telchines. Rodos ve Danaus (Mitolojik bir karakter) ile ili\u015fkilendiriliyordu. Bazen takma ad\u0131 Telchinis ile adland\u0131r\u0131ld\u0131. 15. y\u00fczy\u0131lda Achaeans istila etti. 11. y\u00fczy\u0131lda Dorianlar\u0131n gelmesiyle ada g\u00f6zde olmaya ba\u015flad\u0131. Daha sonra adan\u0131n \u00fc\u00e7 b\u00fcy\u00fck \u015fehri olan; Lindos, Lalyssos ve Kameiros Dorlar taraf\u0131ndan in\u015fa edildi. \u0130stank\u00f6y, Knidos ve Halikarnassos ile birlikte. \u015eair Pindar methiyesinde &#8220;Ada, g\u00fcne\u015f tanr\u0131s\u0131 Helios ve Rodos perisinin birli\u011finde do\u011fdu ve \u015fehir onlar\u0131n \u00fc\u00e7 o\u011flu i\u00e7in isimlendirildi&#8221; der. Roda adan\u0131n do\u011fal \u00e7i\u00e7ekli bitkisi pembe Hibiscusdur.<\/p>\n<p>Pers istilas\u0131n\u0131n aday\u0131 kaplamas\u0131n\u0131n ard\u0131ndan M\u00d6 478&#8217;de Perslerin Atina g\u00fc\u00e7leri taraf\u0131ndan yenilmesi ile Rodos adas\u0131 \u015fehirleri Atina Birli\u011fi&#8217;ne (Atina taraf\u0131ndan y\u00f6netilen, M\u00d6 5. y\u00fczy\u0131ldaki Yunan \u015fehir devletleri birli\u011fi) ba\u011fland\u0131. M\u00d6 431 y\u0131l\u0131nda Pelepones Sava\u015f\u0131 \u00e7emberi yard\u0131\u011f\u0131nda Rodos geni\u015f bir \u015fekilde tarafs\u0131z kal\u0131yordu. Birli\u011fe ba\u011fl\u0131 olmas\u0131na ra\u011fmen sava\u015f 404 y\u0131l\u0131na kadar s\u00fcrd\u00fc. Fakat Rodos bu zamanda \u00e7at\u0131\u015fmadan tamamen geri \u00e7ekildi ve kendi yoluna devam etmeye karar verdi. M\u00d6 408 y\u0131l\u0131nda \u015fehir devletleri bir \u00fclke olu\u015fturdular ve yeni Rodos&#8217;u yeni ba\u015f\u015fehir olarak adan\u0131n en kuzey ucunda in\u015fa ettiler. Onlar\u0131n d\u00fczenli plan\u0131 Atinal\u0131 mimar Hippodamus taraf\u0131ndan g\u00f6zden ge\u00e7iriliyordu. Mamafih Pelepones sava\u015flar\u0131 t\u00fcm Yunan k\u00fclt\u00fcr\u00fcn\u00fc zay\u0131flatm\u0131\u015ft\u0131 ve istilaya a\u00e7\u0131k tutuyordu. M\u00d6 357 y\u0131l\u0131nda ada Karyal\u0131lar taraf\u0131ndan kral Mausolus taraf\u0131ndan fethedildi. Daha sonra da M\u00d6 340&#8217;da Persler&#8217;in eline ge\u00e7ti. Fakat onlar\u0131n d\u00f6nemi k\u0131sa oldu, bu \u015fehir halk\u0131 i\u00e7in rahatlat\u0131c\u0131 bir durum oldu. Rodos M\u00d6 332&#8217;de Makedonyal\u0131 Alexander III \u00fcn Persleri yenmesinden sonra b\u00fcy\u00fcyen bu imparatorlu\u011fun bir par\u00e7as\u0131 haline geldi. Alexander \u0131n \u00f6l\u00fcm\u00fcn\u00fc takiben onun generalleri krall\u0131\u011f\u0131 kontrol etme \u00e7eki\u015fmesine girdiler. Onlar\u0131n \u00fc\u00e7\u00fc Ptolemy, Seleucus ve Antigonus krall\u0131\u011f\u0131 kendi aralar\u0131nda b\u00f6lmeyi ba\u015fard\u0131lar. Rodos, Ptolemies ile ticari ve k\u00fclt\u00fcrel ba\u011flar\u0131n\u0131 \u0130skenderiye ile kuvvetlendiriyordu.Ve baraberce \u015fekillendirdikleri Rodos-M\u0131s\u0131r birli\u011fi Akdeniz&#8217;nde ticareti boydan boya kontrol ediyordu. M\u00d6 3. y\u00fczy\u0131lda \u015fehir denizcilik, ticaret ve k\u00fclt\u00fcr merkeziyle geli\u015fti ve \u015fehrin paras\u0131 Akdeniz&#8217;in her taraf\u0131nda dola\u015f\u0131mda idi. Rodos&#8217;un me\u015fhur felsefe okulu bilim, edebiyat ve hitabeti \u0130skenderiye&#8217;li \u00fcstadlar\u0131 ile payla\u015f\u0131yordu. Tan\u0131nm\u0131\u015f isimler Rodos&#8217;ta bir okul kuran Atinal\u0131 hitabet Aeschines, Apollonius of Rhodes (M\u00d6 3. y\u00fczy\u0131l-M\u00d6 246, epik \u015fair, bilim adam\u0131 ve \u0130skenderiye k\u00fct\u00fcphanesi direkt\u00f6r\u00fc),astronom Hipparchus ve Geminus ve hitabet\u00e7i Dionysios Trax. Heykel okulu zenginlik, dramatik stilde geli\u015fti. Ve bu Hellenistic Baraque Hellenistik Barok tarz\u0131 olarak karakterize edilebilir.<\/p>\n<h2>Orta\u00e7a\u011f D\u00f6nemi<\/h2>\n<p>1309&#8217;da Bizans \u00e7a\u011f\u0131, adan\u0131n Hospitalier \u015e\u00f6valyeleri (1080 y\u0131l\u0131nda Kud\u00fcs&#8217;de kurulan ve Saint John kud\u00fcs,Rodos ve Malta tarikat\u0131, Malta \u015f\u00f6valyeleri, Rodos \u015f\u00f6valyeleri ve Malta silah\u015f\u00f6rlerini i\u00e7eren bir organizasyon) taraf\u0131ndan zapt edilmesiyle son buldu. Yeni ismiyle Rodos \u015e\u00f6valyeleri y\u00f6netimi alt\u0131nda \u015fehir orta\u00e7a\u011f Avrupa ideal modeline g\u00f6re yeniden in\u015fa edildi.<\/p>\n<p>\u015eehrin me\u015fhur an\u0131tlar\u0131n\u0131n \u00e7o\u011funu Palace of the Grand Master B\u00fcy\u00fck \u00dcstatlar\u0131n Saray\u0131 i\u00e7erir. Bu d\u00f6nemde yap\u0131lm\u0131\u015ft\u0131r. \u015e\u00f6valyelerin in\u015fa etti\u011fi bu kuvvetli duvarlar 1444 deki M\u0131s\u0131r Sultan\u0131 ataklar\u0131na ve Mehmed II nin 1480 deki ataklar\u0131na kar\u015f\u0131 koyup ayakta kald\u0131lar. Son olarak Rodos Kanuni Sultan S\u00fcleyman&#8217;\u0131n 29 Aral\u0131k 1522 deki geni\u015f ordusuna kar\u015f\u0131 yenik d\u00fc\u015ft\u00fc. Kalan birka\u00e7 \u015f\u00f6valyeye Sicilya Krall\u0131\u011f\u0131&#8217;nda istirahat etmelerine izin verildi. \u015e\u00f6valyeler daha sonra onlar\u0131n operasyon merkezi Malta&#8217;ya hareket edeceklerdi. Ada yakla\u015f\u0131k 400 y\u0131l Osmanl\u0131 \u0130mparatorlu\u011fu m\u00fclkiyetinde kalm\u0131\u015ft\u0131r.<\/p>\n<h2>Modern Tarih<\/h2>\n<p>1912&#8217;de Trablusgarp Sava\u015f\u0131 s\u0131ras\u0131nda Rodos \u0130talya taraf\u0131ndan i\u015fgal edildi. Rodos, Onikiada&#8217;n\u0131n di\u011fer adalar\u0131yla birlikte, \u0130talya&#8217;n\u0131n 1947&#8217;de Paris Antla\u015fmas\u0131n\u0131 imzalamas\u0131yla beraber Yunanistan&#8217;a kat\u0131ld\u0131. Adada bulunan T\u00fcrk az\u0131nl\u0131k 1923&#8217;teki T\u00fcrkiye-Yunanistan N\u00fcfus M\u00fcbadelesi s\u0131ras\u0131nda \u0130talya topraklar\u0131nda say\u0131ld\u0131klar\u0131 i\u00e7in m\u00fcbadeleden kurtuldular. Bu nedenle g\u00fcn\u00fcm\u00fczde Rodos&#8217;ta k\u00fc\u00e7\u00fck bir T\u00fcrk az\u0131nl\u0131\u011f\u0131 bulunmaktad\u0131r.<\/p>\n<\/div><div class=\"nav fusion-mobile-tab-nav\"><ul class=\"nav-tabs\" role=\"tablist\"><li role=\"presentation\"><a class=\"tab-link\" data-toggle=\"tab\" role=\"tab\" aria-controls=\"tab-501ff0566361a977462\" aria-selected=\"false\" tabindex=\"-1\" id=\"mobile-fusion-tab-simi\" href=\"#tab-501ff0566361a977462\"><h4 class=\"fusion-tab-heading\">Simi<\/h4><\/a><\/li><\/ul><\/div><div class=\"tab-pane fade fusion-clearfix\" role=\"tabpanel\" tabindex=\"0\" aria-labelledby=\"fusion-tab-simi\" id=\"tab-501ff0566361a977462\">\n<div class=\"awb-gallery-wrapper awb-gallery-wrapper-3 button-span-no\"><div style=\"margin:-5px;--awb-bordersize:0px;\" class=\"fusion-gallery fusion-gallery-container fusion-grid-3 fusion-columns-total-3 fusion-gallery-layout-grid fusion-gallery-3\"><div style=\"padding:5px;\" class=\"fusion-grid-column fusion-gallery-column fusion-gallery-column-3 hover-type-none\"><div class=\"fusion-gallery-image\"><a href=\"https:\/\/almira.tc\/wp-content\/uploads\/2018\/02\/simi-adasi-yunanistan.jpg\" rel=\"noreferrer\" data-rel=\"iLightbox[gallery_image_3]\" class=\"fusion-lightbox\" target=\"_self\"><img decoding=\"async\" src=\"https:\/\/almira.tc\/wp-content\/uploads\/2018\/02\/simi-adasi-yunanistan-460x295.jpg\" width=\"460\" height=\"295\" alt=\"\" title=\"simi adasi yunanistan\" aria-label=\"simi adasi yunanistan\" class=\"img-responsive wp-image-832 fusion-gallery-image-size-fixed\"  \/><\/a><\/div><\/div><div style=\"padding:5px;\" class=\"fusion-grid-column fusion-gallery-column fusion-gallery-column-3 hover-type-none\"><div class=\"fusion-gallery-image\"><a href=\"https:\/\/almira.tc\/wp-content\/uploads\/2018\/02\/simi-adasi.jpg\" rel=\"noreferrer\" data-rel=\"iLightbox[gallery_image_3]\" class=\"fusion-lightbox\" target=\"_self\"><img decoding=\"async\" src=\"https:\/\/almira.tc\/wp-content\/uploads\/2018\/02\/simi-adasi-460x295.jpg\" width=\"460\" height=\"295\" alt=\"\" title=\"simi adasi\" aria-label=\"simi adasi\" class=\"img-responsive wp-image-836 fusion-gallery-image-size-fixed\"  \/><\/a><\/div><\/div><div style=\"padding:5px;\" class=\"fusion-grid-column fusion-gallery-column fusion-gallery-column-3 hover-type-none\"><div class=\"fusion-gallery-image\"><a href=\"https:\/\/almira.tc\/wp-content\/uploads\/2018\/02\/symi-island.jpeg\" rel=\"noreferrer\" data-rel=\"iLightbox[gallery_image_3]\" class=\"fusion-lightbox\" target=\"_self\"><img decoding=\"async\" src=\"https:\/\/almira.tc\/wp-content\/uploads\/2018\/02\/symi-island-460x295.jpeg\" width=\"460\" height=\"295\" alt=\"\" title=\"symi island\" aria-label=\"symi island\" class=\"img-responsive wp-image-840 fusion-gallery-image-size-fixed\"  \/><\/a><\/div><\/div><div class=\"clearfix\"><\/div><\/div><\/div>\n<h1>Simi<\/h1>\n<p>Simi Adas\u0131, manast\u0131rlar\u0131n\u0131n bulundu\u011fu tenha koylar\u0131, neoklasik \u015firin k\u00fc\u00e7\u00fck evleri, darac\u0131k sokaklar\u0131 ve tavernalar\u0131 ile ziyaret\u00e7ileri kendisine hayran b\u0131rak\u0131r. Birbirinden g\u00fczel plajlar\u0131 bulunan Simi Adas\u0131\u2019nda dar patikalar ziyaret\u00e7ileri tarihin derinliklerine g\u00f6t\u00fcrmektedir.<\/p>\n<p>T\u00fcrkiye\u2019de ve Yunanistan\u2019da izlenme rekorlar\u0131 k\u0131ran \u201cYabanc\u0131 Damat\u201d dizisinin baz\u0131 b\u00f6l\u00fcmlerine ev sahipli\u011fi yapan Simi Adas\u0131, kitle turizm modelinden uzakta, asil ve el de\u011fmemi\u015f g\u00fczelli\u011fiyle ziyaret\u00e7ilerine e\u015fsiz bir tatil keyfi ya\u015fat\u0131r. Simi Adas\u0131, Yunan Adalar\u0131 i\u00e7inde en romantik ada olarak nitelendirilir.<\/p>\n<p>Co\u011frafi olarak Oniki Adalar zincirinin bir par\u00e7as\u0131 olan, yakla\u015f\u0131k 2.500 n\u00fcfuslu bu k\u00fc\u00e7\u00fck adan\u0131n Rodos\u2019a mesafesi 24 deniz mili, \u00fclkemizin Dat\u00e7a il\u00e7esine olan mesafesi ise sadece 4 deniz milidir. Adan\u0131n ana iki yerle\u015fim yeri Gialos ve Chorio veya di\u011fer ad\u0131yla Ano Symi\u2019dir. Gialos\u2019un yerle\u015fimi limandan ba\u015flar ve etraftaki tepelerin eteklerine kadar uzan\u0131r. T\u00fcm yol boyunca tepeye kadar olan k\u0131s\u0131m ve Eski Simi Kalesi etraf\u0131 Ano Symi olarak bilinmektedir.<\/p>\n<p>Olduk\u00e7a iyi korunmu\u015f, d\u0131\u015f cepheleri parlak renklerle boyanm\u0131\u015f iki veya \u00fc\u00e7 katl\u0131 bah\u00e7eli konaklar\u0131, adan\u0131n zengin ge\u00e7mi\u015fini yans\u0131tmaktad\u0131r. Simi Adas\u0131 tarihi boyunca s\u00fcngercilik, gemi yap\u0131m\u0131 ve oymac\u0131l\u0131k sekt\u00f6rleri sayesine 12 Adalar\u2019\u0131n en zengin adalar\u0131ndan biri olmu\u015ftur.<\/p>\n<p>Simi\u2019nin en \u00e7ok ziyaret edilen yeri Panormitis Koyu\u2019dur. Panormitis\u2019te bulunan Moni Taksiharki Mikhail Kilisesi, Yunanl\u0131 denizcilerin hac yeridir ve Ortodokslar i\u00e7in en kutsal kiliselerden biridir. Simi Adas\u0131\u2019nda turistlerin ziyaret etti\u011fi yerlerin ba\u015fl\u0131calar\u0131 Gialos\u2019taki tarihi Saat Kulesi, Mihalaki Heykeli, Me\u00e7hul Asker An\u0131t\u0131, Deniz M\u00fczesi, Belediye Saray\u0131, Agios Ioannis Kilisesi ve Pedi Plaj\u0131\u2019d\u0131r.<\/p>\n<p>Rodos Adas\u0131\u2019na yak\u0131n olmas\u0131 sebebi ile Rodos\u2019a gelen bir\u00e7ok turist Simi Adas\u0131\u2019na g\u00fcn\u00fcbirlik gezi turlar\u0131 i\u00e7in gelirler. Yaz sezonu boyunca Pazar hari\u00e7 herg\u00fcn saat 09:00\u2019da Rodos\u2019tan hareket eden feribotlar yakla\u015f\u0131k 2 saat s\u00fcren yolculuk sonras\u0131nda Simi Adas\u0131\u2019na ula\u015f\u0131r. Simi\u2019 den Rodos\u2019a d\u00f6n\u00fc\u015f saati 16.00 civar\u0131d\u0131r.<\/p>\n<\/div><\/div><\/div><div class=\"fusion-clearfix\"><\/div><\/div><\/div><\/div><\/div>\n","protected":false},"excerpt":{"rendered":"","protected":false},"author":1,"featured_media":0,"parent":0,"menu_order":0,"comment_status":"closed","ping_status":"closed","template":"100-width.php","meta":{"footnotes":""},"class_list":["post-503","page","type-page","status-publish","hentry"],"aioseo_notices":[],"_links":{"self":[{"href":"https:\/\/almira.tc\/tr\/wp-json\/wp\/v2\/pages\/503","targetHints":{"allow":["GET"]}}],"collection":[{"href":"https:\/\/almira.tc\/tr\/wp-json\/wp\/v2\/pages"}],"about":[{"href":"https:\/\/almira.tc\/tr\/wp-json\/wp\/v2\/types\/page"}],"author":[{"embeddable":true,"href":"https:\/\/almira.tc\/tr\/wp-json\/wp\/v2\/users\/1"}],"replies":[{"embeddable":true,"href":"https:\/\/almira.tc\/tr\/wp-json\/wp\/v2\/comments?post=503"}],"version-history":[{"count":0,"href":"https:\/\/almira.tc\/tr\/wp-json\/wp\/v2\/pages\/503\/revisions"}],"wp:attachment":[{"href":"https:\/\/almira.tc\/tr\/wp-json\/wp\/v2\/media?parent=503"}],"curies":[{"name":"wp","href":"https:\/\/api.w.org\/{rel}","templated":true}]}}